{"id":18407,"date":"2021-07-21T12:05:28","date_gmt":"2021-07-21T12:05:28","guid":{"rendered":"https:\/\/esmee.qodeinteractive.com\/?page_id=2124"},"modified":"2023-05-04T16:17:27","modified_gmt":"2023-05-04T16:17:27","slug":"blog","status":"publish","type":"page","link":"https:\/\/pennaatelier.com\/sr\/blog\/","title":{"rendered":"Modni blog"},"content":{"rendered":"<div data-elementor-type=\"wp-page\" data-elementor-id=\"18407\" class=\"elementor elementor-18407\">\n\t\t\t\t\t\t<section class=\"elementor-section elementor-top-section elementor-element elementor-element-bdab64e elementor-section-boxed elementor-section-height-default elementor-section-height-default qodef-elementor-content-no\" data-id=\"bdab64e\" data-element_type=\"section\">\n\t\t\t\t\t\t<div class=\"elementor-container elementor-column-gap-default\">\n\t\t\t\t\t<div class=\"elementor-column elementor-col-100 elementor-top-column elementor-element elementor-element-2807f16\" data-id=\"2807f16\" data-element_type=\"column\">\n\t\t\t<div class=\"elementor-widget-wrap elementor-element-populated\">\n\t\t\t\t\t\t<div class=\"elementor-element elementor-element-067fab2 elementor-widget elementor-widget-esmee_core_blog_list\" data-id=\"067fab2\" data-element_type=\"widget\" data-widget_type=\"esmee_core_blog_list.default\">\n\t\t\t\t<div class=\"elementor-widget-container\">\n\t\t\t\t\t<div class=\"qodef-shortcode qodef-m  qodef-blog qodef--list qodef-item-layout--standard qodef-layout--regular qodef-hover-animation--no  qodef-grid qodef-layout--columns  qodef-gutter--huge qodef-col-num--1   qodef-item-layout--standard qodef-pagination--on qodef-pagination-type--standard qodef-responsive--predefined\" data-options=\"{&quot;plugin&quot;:&quot;esmee_core&quot;,&quot;module&quot;:&quot;blog\\\/shortcodes&quot;,&quot;shortcode&quot;:&quot;blog-list&quot;,&quot;post_type&quot;:&quot;post&quot;,&quot;next_page&quot;:&quot;2&quot;,&quot;max_pages_num&quot;:3,&quot;behavior&quot;:&quot;columns&quot;,&quot;images_proportion&quot;:&quot;full&quot;,&quot;columns&quot;:&quot;1&quot;,&quot;columns_responsive&quot;:&quot;predefined&quot;,&quot;space&quot;:&quot;huge&quot;,&quot;posts_per_page&quot;:&quot;4&quot;,&quot;orderby&quot;:&quot;date&quot;,&quot;order&quot;:&quot;ASC&quot;,&quot;layout&quot;:&quot;standard&quot;,&quot;title_tag&quot;:&quot;h2&quot;,&quot;zig_zag&quot;:&quot;no&quot;,&quot;hover_animation&quot;:&quot;no&quot;,&quot;pagination_type&quot;:&quot;standard&quot;,&quot;object_class_name&quot;:&quot;EsmeeCore_Blog_List_Shortcode&quot;,&quot;taxonomy_filter&quot;:&quot;category&quot;,&quot;space_value&quot;:40}\">\n\t\t<div class=\"qodef-grid-inner clear\">\n\t\t<article class=\"qodef-e qodef-blog-item qodef-grid-item qodef-item--full post-18426 post type-post status-publish format-standard has-post-thumbnail hentry category-dress category-events category-fashion category-style tag-art tag-beautiful tag-casual tag-color tag-dress tag-figure tag-relax tag-style\">\n\t<div class=\"qodef-e-inner\">\n\t\t<a itemprop=\"dateCreated\" href=\"https:\/\/pennaatelier.com\/sr\/2021\/07\/\" class=\"entry-date\">\n\t<span class=\"qodef-time-day\">21<\/span>\n\t<span class=\"qodef-time-month\">\u0458\u0443\u043b<\/span>\n<\/a>\n<div class=\"qodef-e-media\">\n\t\t<div class=\"qodef-e-media-image\">\n\t\t<a itemprop=\"url\" href=\"https:\/\/pennaatelier.com\/sr\/dress-to-impress-the-art-of-choosing-the-perfect-dress-for-any-occasion\/\">\n\t\t\t<img fetchpriority=\"high\" decoding=\"async\" width=\"2048\" height=\"2560\" src=\"https:\/\/pennaatelier.com\/wp-content\/uploads\/2025\/03\/IMG_0327-scaled.jpeg\" class=\"attachment-full size-full\" alt=\"\" srcset=\"https:\/\/pennaatelier.com\/wp-content\/uploads\/2025\/03\/IMG_0327-scaled.jpeg 2048w, https:\/\/pennaatelier.com\/wp-content\/uploads\/2025\/03\/IMG_0327-240x300.jpeg 240w, https:\/\/pennaatelier.com\/wp-content\/uploads\/2025\/03\/IMG_0327-819x1024.jpeg 819w, https:\/\/pennaatelier.com\/wp-content\/uploads\/2025\/03\/IMG_0327-768x960.jpeg 768w, https:\/\/pennaatelier.com\/wp-content\/uploads\/2025\/03\/IMG_0327-1229x1536.jpeg 1229w, https:\/\/pennaatelier.com\/wp-content\/uploads\/2025\/03\/IMG_0327-1639x2048.jpeg 1639w, https:\/\/pennaatelier.com\/wp-content\/uploads\/2025\/03\/IMG_0327-600x750.jpeg 600w\" sizes=\"(max-width: 2048px) 100vw, 2048px\" \/>\t\t<\/a>\n\t<\/div>\n<\/div>\n\t\t<div class=\"qodef-e-content\">\n\t\t\t<div class=\"qodef-e-top-holder\">\n\t\t\t\t<div class=\"qodef-e-info\">\n\t\t\t\t\t<a href=\"https:\/\/pennaatelier.com\/sr\/category\/dress\/\" rel=\"tag\">Haljine<\/a><span class=\"qodef-info-separator-single\"><\/span><a href=\"https:\/\/pennaatelier.com\/sr\/category\/events\/\" rel=\"tag\">Doga\u0111aji<\/a><span class=\"qodef-info-separator-single\"><\/span><a href=\"https:\/\/pennaatelier.com\/sr\/category\/fashion\/\" rel=\"tag\">Moda<\/a><span class=\"qodef-info-separator-single\"><\/span><a href=\"https:\/\/pennaatelier.com\/sr\/category\/style\/\" rel=\"tag\">Stil<\/a><div class=\"qodef-info-separator-end\"><\/div>\t\t\t\t<\/div>\n\t\t\t<\/div>\n\t\t\t<div class=\"qodef-e-text\">\n\t\t\t\t<h2 itemprop=\"name\" class=\"qodef-e-title entry-title\" >\n\t<a itemprop=\"url\" class=\"qodef-e-title-link\" href=\"https:\/\/pennaatelier.com\/sr\/dress-to-impress-the-art-of-choosing-the-perfect-dress-for-any-occasion\/\">\n\t\tObucite se da impresionirate: Umjetnost odabira savr\u0161ene haljine za svaku priliku\t<\/a>\n<\/h2>\n\t\t<p itemprop=\"description\" class=\"qodef-e-excerpt\">Odabrati savr\u0161enu haljinu za svaku priliku mo\u017ee delovati kao zastra\u0161uju\u0107i zadatak, ali ne mora biti. Uz malo planiranja, mo\u017eete sa samopouzdanjem zablistati na bilo kojem doga\u0111aju, od formalnog ven\u010danja do opu\u0161tenog doru\u010dka sa prijateljima.<\/p>\n\t\t\t\t<\/div>\n\t\t\t<div class=\"qodef-e-bottom-holder\">\n\t\t\t\t<div class=\"qodef-e-left\">\n\t\t\t\t\t\t<div class=\"qodef-e-read-more\">\n\t\t<a class=\"qodef-shortcode qodef-m  qodef-button qodef-layout--textual  qodef-html--link\" href=\"https:\/\/pennaatelier.com\/sr\/dress-to-impress-the-art-of-choosing-the-perfect-dress-for-any-occasion\/\" target=\"_self\"  >\t<span class=\"qodef-m-text\">\u041f\u0440\u043e\u0447\u0438\u0442\u0430\u0458\u0442\u0435 \u0432\u0438\u0448\u0435<\/span><\/a>\t<\/div>\n\t\t\t\t<\/div>\n\t\t\t\t<div class=\"qodef-e-right qodef-e-info\">\n\n\t\t\t\t<\/div>\n\t\t\t<\/div>\n\t\t<\/div>\n\t<\/div>\n<\/article>\n<article class=\"qodef-e qodef-blog-item qodef-grid-item qodef-item--full post-19095 post type-post status-publish format-standard has-post-thumbnail hentry category-design category-dress category-fashion category-style tag-chic tag-dresses tag-fashion tag-style tag-sustainable\">\n\t<div class=\"qodef-e-inner\">\n\t\t<a itemprop=\"dateCreated\" href=\"https:\/\/pennaatelier.com\/sr\/2023\/04\/\" class=\"entry-date\">\n\t<span class=\"qodef-time-day\">25<\/span>\n\t<span class=\"qodef-time-month\">\u0430\u043f\u0440<\/span>\n<\/a>\n<div class=\"qodef-e-media\">\n\t\t<div class=\"qodef-e-media-image\">\n\t\t<a itemprop=\"url\" href=\"https:\/\/pennaatelier.com\/sr\/sustainable-fashion-why-it-matters-and-how-to-embrace-it\/\">\n\t\t\t<img decoding=\"async\" width=\"2048\" height=\"2560\" src=\"https:\/\/pennaatelier.com\/wp-content\/uploads\/2025\/03\/IMG_0087-scaled.jpeg\" class=\"attachment-full size-full\" alt=\"\" srcset=\"https:\/\/pennaatelier.com\/wp-content\/uploads\/2025\/03\/IMG_0087-scaled.jpeg 2048w, https:\/\/pennaatelier.com\/wp-content\/uploads\/2025\/03\/IMG_0087-240x300.jpeg 240w, https:\/\/pennaatelier.com\/wp-content\/uploads\/2025\/03\/IMG_0087-819x1024.jpeg 819w, https:\/\/pennaatelier.com\/wp-content\/uploads\/2025\/03\/IMG_0087-768x960.jpeg 768w, https:\/\/pennaatelier.com\/wp-content\/uploads\/2025\/03\/IMG_0087-1229x1536.jpeg 1229w, https:\/\/pennaatelier.com\/wp-content\/uploads\/2025\/03\/IMG_0087-1639x2048.jpeg 1639w, https:\/\/pennaatelier.com\/wp-content\/uploads\/2025\/03\/IMG_0087-600x750.jpeg 600w\" sizes=\"(max-width: 2048px) 100vw, 2048px\" \/>\t\t<\/a>\n\t<\/div>\n<\/div>\n\t\t<div class=\"qodef-e-content\">\n\t\t\t<div class=\"qodef-e-top-holder\">\n\t\t\t\t<div class=\"qodef-e-info\">\n\t\t\t\t\t<a href=\"https:\/\/pennaatelier.com\/sr\/category\/design\/\" rel=\"tag\">Dizajn<\/a><span class=\"qodef-info-separator-single\"><\/span><a href=\"https:\/\/pennaatelier.com\/sr\/category\/dress\/\" rel=\"tag\">Haljine<\/a><span class=\"qodef-info-separator-single\"><\/span><a href=\"https:\/\/pennaatelier.com\/sr\/category\/fashion\/\" rel=\"tag\">Moda<\/a><span class=\"qodef-info-separator-single\"><\/span><a href=\"https:\/\/pennaatelier.com\/sr\/category\/style\/\" rel=\"tag\">Stil<\/a><div class=\"qodef-info-separator-end\"><\/div>\t\t\t\t<\/div>\n\t\t\t<\/div>\n\t\t\t<div class=\"qodef-e-text\">\n\t\t\t\t<h2 itemprop=\"name\" class=\"qodef-e-title entry-title\" >\n\t<a itemprop=\"url\" class=\"qodef-e-title-link\" href=\"https:\/\/pennaatelier.com\/sr\/sustainable-fashion-why-it-matters-and-how-to-embrace-it\/\">\n\t\tOdr\u017eiva moda: Za\u0161to je va\u017ena i kako je prihvatiti\t<\/a>\n<\/h2>\n\t\t<p itemprop=\"description\" class=\"qodef-e-excerpt\">U poslednjim godinama, postoji sve ve\u0107i pokret ka odr\u017eivoj modi. Kako sve vi\u0161e ljudi postaje svesno uticaja brze mode na \u017eivotnu sredinu, raste interesovanje za eti\u010dku i odr\u017eivu modu.<\/p>\n\t\t\t\t<\/div>\n\t\t\t<div class=\"qodef-e-bottom-holder\">\n\t\t\t\t<div class=\"qodef-e-left\">\n\t\t\t\t\t\t<div class=\"qodef-e-read-more\">\n\t\t<a class=\"qodef-shortcode qodef-m  qodef-button qodef-layout--textual  qodef-html--link\" href=\"https:\/\/pennaatelier.com\/sr\/sustainable-fashion-why-it-matters-and-how-to-embrace-it\/\" target=\"_self\"  >\t<span class=\"qodef-m-text\">\u041f\u0440\u043e\u0447\u0438\u0442\u0430\u0458\u0442\u0435 \u0432\u0438\u0448\u0435<\/span><\/a>\t<\/div>\n\t\t\t\t<\/div>\n\t\t\t\t<div class=\"qodef-e-right qodef-e-info\">\n\n\t\t\t\t<\/div>\n\t\t\t<\/div>\n\t\t<\/div>\n\t<\/div>\n<\/article>\n<article class=\"qodef-e qodef-blog-item qodef-grid-item qodef-item--full post-19100 post type-post status-publish format-standard has-post-thumbnail hentry category-design category-fashion category-style tag-essential tag-fashion tag-style tag-wardrobe\">\n\t<div class=\"qodef-e-inner\">\n\t\t<a itemprop=\"dateCreated\" href=\"https:\/\/pennaatelier.com\/sr\/2023\/04\/\" class=\"entry-date\">\n\t<span class=\"qodef-time-day\">25<\/span>\n\t<span class=\"qodef-time-month\">\u0430\u043f\u0440<\/span>\n<\/a>\n<div class=\"qodef-e-media\">\n\t\t<div class=\"qodef-e-media-image\">\n\t\t<a itemprop=\"url\" href=\"https:\/\/pennaatelier.com\/sr\/building-a-capsule-wardrobe-simplifying-your-style-with-essential-pieces\/\">\n\t\t\t<img decoding=\"async\" width=\"2048\" height=\"2560\" src=\"https:\/\/pennaatelier.com\/wp-content\/uploads\/2025\/03\/IMG_0012-scaled.jpeg\" class=\"attachment-full size-full\" alt=\"\" srcset=\"https:\/\/pennaatelier.com\/wp-content\/uploads\/2025\/03\/IMG_0012-scaled.jpeg 2048w, https:\/\/pennaatelier.com\/wp-content\/uploads\/2025\/03\/IMG_0012-240x300.jpeg 240w, https:\/\/pennaatelier.com\/wp-content\/uploads\/2025\/03\/IMG_0012-819x1024.jpeg 819w, https:\/\/pennaatelier.com\/wp-content\/uploads\/2025\/03\/IMG_0012-768x960.jpeg 768w, https:\/\/pennaatelier.com\/wp-content\/uploads\/2025\/03\/IMG_0012-1229x1536.jpeg 1229w, https:\/\/pennaatelier.com\/wp-content\/uploads\/2025\/03\/IMG_0012-1639x2048.jpeg 1639w, https:\/\/pennaatelier.com\/wp-content\/uploads\/2025\/03\/IMG_0012-600x750.jpeg 600w\" sizes=\"(max-width: 2048px) 100vw, 2048px\" \/>\t\t<\/a>\n\t<\/div>\n<\/div>\n\t\t<div class=\"qodef-e-content\">\n\t\t\t<div class=\"qodef-e-top-holder\">\n\t\t\t\t<div class=\"qodef-e-info\">\n\t\t\t\t\t<a href=\"https:\/\/pennaatelier.com\/sr\/category\/design\/\" rel=\"tag\">Dizajn<\/a><span class=\"qodef-info-separator-single\"><\/span><a href=\"https:\/\/pennaatelier.com\/sr\/category\/fashion\/\" rel=\"tag\">Moda<\/a><span class=\"qodef-info-separator-single\"><\/span><a href=\"https:\/\/pennaatelier.com\/sr\/category\/style\/\" rel=\"tag\">Stil<\/a><div class=\"qodef-info-separator-end\"><\/div>\t\t\t\t<\/div>\n\t\t\t<\/div>\n\t\t\t<div class=\"qodef-e-text\">\n\t\t\t\t<h2 itemprop=\"name\" class=\"qodef-e-title entry-title\" >\n\t<a itemprop=\"url\" class=\"qodef-e-title-link\" href=\"https:\/\/pennaatelier.com\/sr\/building-a-capsule-wardrobe-simplifying-your-style-with-essential-pieces\/\">\n\t\tIzgradnja kapsulne garderobe: Pojednostavljenje va\u0161eg stila sa osnovnim komadima\t<\/a>\n<\/h2>\n\t\t<p itemprop=\"description\" class=\"qodef-e-excerpt\">Ako se zateknete ispred ormara punog ode\u0107e i ose\u0107ate da nemate \u0161ta da obu\u010dete, mo\u017eda je vreme da razmislite o izgradnji kapsulne garderobe. <\/p>\n\t\t\t\t<\/div>\n\t\t\t<div class=\"qodef-e-bottom-holder\">\n\t\t\t\t<div class=\"qodef-e-left\">\n\t\t\t\t\t\t<div class=\"qodef-e-read-more\">\n\t\t<a class=\"qodef-shortcode qodef-m  qodef-button qodef-layout--textual  qodef-html--link\" href=\"https:\/\/pennaatelier.com\/sr\/building-a-capsule-wardrobe-simplifying-your-style-with-essential-pieces\/\" target=\"_self\"  >\t<span class=\"qodef-m-text\">\u041f\u0440\u043e\u0447\u0438\u0442\u0430\u0458\u0442\u0435 \u0432\u0438\u0448\u0435<\/span><\/a>\t<\/div>\n\t\t\t\t<\/div>\n\t\t\t\t<div class=\"qodef-e-right qodef-e-info\">\n\n\t\t\t\t<\/div>\n\t\t\t<\/div>\n\t\t<\/div>\n\t<\/div>\n<\/article>\n<article class=\"qodef-e qodef-blog-item qodef-grid-item qodef-item--full post-19476 post type-post status-publish format-standard has-post-thumbnail hentry category-design category-fashion category-sets category-style category-suits tag-collection tag-fashion tag-match tag-set tag-style tag-suit tag-wardrobe\">\n\t<div class=\"qodef-e-inner\">\n\t\t<a itemprop=\"dateCreated\" href=\"https:\/\/pennaatelier.com\/sr\/2023\/04\/\" class=\"entry-date\">\n\t<span class=\"qodef-time-day\">30<\/span>\n\t<span class=\"qodef-time-month\">\u0430\u043f\u0440<\/span>\n<\/a>\n<div class=\"qodef-e-media\">\n\t\t<div class=\"qodef-e-media-image\">\n\t\t<a itemprop=\"url\" href=\"https:\/\/pennaatelier.com\/sr\/suits-and-sets-how-to-build-a-stylish-and-versatile-wardrobe\/\">\n\t\t\t<img loading=\"lazy\" decoding=\"async\" width=\"1920\" height=\"1795\" src=\"https:\/\/pennaatelier.com\/wp-content\/uploads\/2023\/04\/blogcover-4.jpg\" class=\"attachment-full size-full\" alt=\"\" srcset=\"https:\/\/pennaatelier.com\/wp-content\/uploads\/2023\/04\/blogcover-4.jpg 1920w, https:\/\/pennaatelier.com\/wp-content\/uploads\/2023\/04\/blogcover-4-600x561.jpg 600w, https:\/\/pennaatelier.com\/wp-content\/uploads\/2023\/04\/blogcover-4-300x280.jpg 300w, https:\/\/pennaatelier.com\/wp-content\/uploads\/2023\/04\/blogcover-4-1024x957.jpg 1024w, https:\/\/pennaatelier.com\/wp-content\/uploads\/2023\/04\/blogcover-4-768x718.jpg 768w, https:\/\/pennaatelier.com\/wp-content\/uploads\/2023\/04\/blogcover-4-1536x1436.jpg 1536w\" sizes=\"(max-width: 1920px) 100vw, 1920px\" \/>\t\t<\/a>\n\t<\/div>\n<\/div>\n\t\t<div class=\"qodef-e-content\">\n\t\t\t<div class=\"qodef-e-top-holder\">\n\t\t\t\t<div class=\"qodef-e-info\">\n\t\t\t\t\t<a href=\"https:\/\/pennaatelier.com\/sr\/category\/design\/\" rel=\"tag\">Dizajn<\/a><span class=\"qodef-info-separator-single\"><\/span><a href=\"https:\/\/pennaatelier.com\/sr\/category\/fashion\/\" rel=\"tag\">Moda<\/a><span class=\"qodef-info-separator-single\"><\/span><a href=\"https:\/\/pennaatelier.com\/sr\/category\/sets\/\" rel=\"tag\">Komplet<\/a><span class=\"qodef-info-separator-single\"><\/span><a href=\"https:\/\/pennaatelier.com\/sr\/category\/style\/\" rel=\"tag\">Stil<\/a><span class=\"qodef-info-separator-single\"><\/span><a href=\"https:\/\/pennaatelier.com\/sr\/category\/suits\/\" rel=\"tag\">Odela<\/a><div class=\"qodef-info-separator-end\"><\/div>\t\t\t\t<\/div>\n\t\t\t<\/div>\n\t\t\t<div class=\"qodef-e-text\">\n\t\t\t\t<h2 itemprop=\"name\" class=\"qodef-e-title entry-title\" >\n\t<a itemprop=\"url\" class=\"qodef-e-title-link\" href=\"https:\/\/pennaatelier.com\/sr\/suits-and-sets-how-to-build-a-stylish-and-versatile-wardrobe\/\">\n\t\tOdela i kompleti: Kako izgraditi stilsku i svestranu garderobu\t<\/a>\n<\/h2>\n\t\t<p itemprop=\"description\" class=\"qodef-e-excerpt\">Odela i kompleti su osnovni komadi garderobe koji se mogu nositi za razne prilike. Od poslovnih sastanaka i intervjua za posao do izlazaka i ven\u010danja, odela i kompleti su svestrani komadi koji se mogu kombinovati u zavisnosti od prilike.<\/p>\n\t\t\t\t<\/div>\n\t\t\t<div class=\"qodef-e-bottom-holder\">\n\t\t\t\t<div class=\"qodef-e-left\">\n\t\t\t\t\t\t<div class=\"qodef-e-read-more\">\n\t\t<a class=\"qodef-shortcode qodef-m  qodef-button qodef-layout--textual  qodef-html--link\" href=\"https:\/\/pennaatelier.com\/sr\/suits-and-sets-how-to-build-a-stylish-and-versatile-wardrobe\/\" target=\"_self\"  >\t<span class=\"qodef-m-text\">\u041f\u0440\u043e\u0447\u0438\u0442\u0430\u0458\u0442\u0435 \u0432\u0438\u0448\u0435<\/span><\/a>\t<\/div>\n\t\t\t\t<\/div>\n\t\t\t\t<div class=\"qodef-e-right qodef-e-info\">\n\n\t\t\t\t<\/div>\n\t\t\t<\/div>\n\t\t<\/div>\n\t<\/div>\n<\/article>\n\t<\/div>\n\t\t<div class=\"qodef-m-pagination qodef--standard\">\n\t\t<div class=\"qodef-m-pagination-inner\">\n\t\t\t<nav class=\"qodef-m-pagination-items\">\n\t\t\t\t<a class=\"qodef-m-pagination-item qodef--prev qodef--hide\" href=\"#\" data-paged=\"1\">\n\t\t\t\t\t<svg class=\"pagination-arrow-left\" xmlns=\"http:\/\/www.w3.org\/2000\/svg\" xmlns:xlink=\"http:\/\/www.w3.org\/1999\/xlink\" x=\"0px\" y=\"0px\" width=\"16px\" height=\"30px\" viewbox=\"0 0 16 30\" enable-background=\"new 0 0 16 30\" xml:space=\"preserve\"><polyline fill=\"none\" stroke=\"#000000\" stroke-miterlimit=\"10\" points=\"15,29 1,15 15,1 \"\/><\/svg>\t\t\t\t<\/a>\n\t\t\t\t\t\t\t\t\t<a class=\"qodef-m-pagination-item qodef--number qodef--number-1 qodef--active qodef-prev--hidden\" href=\"#\" data-paged=\"1\"> 1<\/a>\n\t\t\t\t\t\t\t\t\t\t\t\t\t\t<a class=\"qodef-m-pagination-item qodef--number qodef--number-2\" href=\"#\" data-paged=\"2\"> 2<\/a>\n\t\t\t\t\t\t\t\t\t\t\t\t\t\t<a class=\"qodef-m-pagination-item qodef--number qodef--number-3\" href=\"#\" data-paged=\"3\"> 3<\/a>\n\t\t\t\t\t\t\t\t\t\t\t\t\t<a class=\"qodef-m-pagination-item qodef--next\" href=\"#\" data-paged=\"2\">\n\t\t\t\t\t<svg class=\"pagination-arrow-right\" xmlns=\"http:\/\/www.w3.org\/2000\/svg\" xmlns:xlink=\"http:\/\/www.w3.org\/1999\/xlink\" x=\"0px\" y=\"0px\" width=\"16px\" height=\"30px\" viewbox=\"0 0 16 30\" enable-background=\"new 0 0 16 30\" xml:space=\"preserve\"><polyline fill=\"none\" stroke=\"#000000\" stroke-miterlimit=\"10\" points=\"1,29 15,15 1,1 \"\/><\/svg>\t\t\t\t<\/a>\n\t\t\t<\/nav>\n\t\t<\/div>\n\t<\/div>\n\t<svg class=\"qodef-m-pagination-spinner\" xmlns=\"http:\/\/www.w3.org\/2000\/svg\" width=\"512\" height=\"512\" viewbox=\"0 0 512 512\"><path d=\"M304 48c0 26.51-21.49 48-48 48s-48-21.49-48-48 21.49-48 48-48 48 21.49 48 48zm-48 368c-26.51 0-48 21.49-48 48s21.49 48 48 48 48-21.49 48-48-21.49-48-48-48zm208-208c-26.51 0-48 21.49-48 48s21.49 48 48 48 48-21.49 48-48-21.49-48-48-48zM96 256c0-26.51-21.49-48-48-48S0 229.49 0 256s21.49 48 48 48 48-21.49 48-48zm12.922 99.078c-26.51 0-48 21.49-48 48s21.49 48 48 48 48-21.49 48-48c0-26.509-21.491-48-48-48zm294.156 0c-26.51 0-48 21.49-48 48s21.49 48 48 48 48-21.49 48-48c0-26.509-21.49-48-48-48zM108.922 60.922c-26.51 0-48 21.49-48 48s21.49 48 48 48 48-21.49 48-48-21.491-48-48-48z\"><\/path><\/svg><\/div>\n\t\t\t\t<\/div>\n\t\t\t\t<\/div>\n\t\t\t\t\t<\/div>\n\t\t<\/div>\n\t\t\t\t\t<\/div>\n\t\t<\/section>\n\t\t\t\t<\/div>","protected":false},"excerpt":{"rendered":"<p>21 Jul Fashion Colour Shoes to Wear Lorem ipsum dolor sit amet, consectetur adipiscing elit, sed do eiusmod tempor incididunt ut labore et dolore magna aliqua. Ut tristique et egestas quis ipsum suspendisse ultrices. Ipsum consequat nisl vel pretium. Hac habitasse platea dictumst vestibulum rhoncus est pellentesque Read More 22 Jul DenimDesignEventsFashion Colour Shoes to [&hellip;]<\/p>","protected":false},"author":1,"featured_media":0,"parent":0,"menu_order":0,"comment_status":"closed","ping_status":"closed","template":"","meta":{"footnotes":""},"class_list":["post-18407","page","type-page","status-publish","hentry"],"aioseo_notices":[],"_links":{"self":[{"href":"https:\/\/pennaatelier.com\/sr\/wp-json\/wp\/v2\/pages\/18407","targetHints":{"allow":["GET"]}}],"collection":[{"href":"https:\/\/pennaatelier.com\/sr\/wp-json\/wp\/v2\/pages"}],"about":[{"href":"https:\/\/pennaatelier.com\/sr\/wp-json\/wp\/v2\/types\/page"}],"author":[{"embeddable":true,"href":"https:\/\/pennaatelier.com\/sr\/wp-json\/wp\/v2\/users\/1"}],"replies":[{"embeddable":true,"href":"https:\/\/pennaatelier.com\/sr\/wp-json\/wp\/v2\/comments?post=18407"}],"version-history":[{"count":0,"href":"https:\/\/pennaatelier.com\/sr\/wp-json\/wp\/v2\/pages\/18407\/revisions"}],"wp:attachment":[{"href":"https:\/\/pennaatelier.com\/sr\/wp-json\/wp\/v2\/media?parent=18407"}],"curies":[{"name":"wp","href":"https:\/\/api.w.org\/{rel}","templated":true}]}}