{"id":18421,"date":"2021-07-26T11:14:33","date_gmt":"2021-07-26T11:14:33","guid":{"rendered":"https:\/\/esmee.qodeinteractive.com\/?page_id=2898"},"modified":"2026-04-15T19:45:13","modified_gmt":"2026-04-15T19:45:13","slug":"about-us","status":"publish","type":"page","link":"https:\/\/pennaatelier.com\/sr\/about-us\/","title":{"rendered":"O nama"},"content":{"rendered":"<div data-elementor-type=\"wp-page\" data-elementor-id=\"18421\" class=\"elementor elementor-18421\">\n\t\t\t\t\t\t<section class=\"elementor-section elementor-top-section elementor-element elementor-element-4dc8bd52 qodef-elementor-content-grid elementor-section-stretched elementor-section-boxed elementor-section-height-default elementor-section-height-default\" data-id=\"4dc8bd52\" data-element_type=\"section\" data-settings=\"{&quot;stretch_section&quot;:&quot;section-stretched&quot;}\">\n\t\t\t\t\t\t<div class=\"elementor-container elementor-column-gap-default\">\n\t\t\t\t\t<div class=\"elementor-column elementor-col-50 elementor-top-column elementor-element elementor-element-132181a6\" data-id=\"132181a6\" data-element_type=\"column\" data-settings=\"{&quot;background_background&quot;:&quot;classic&quot;}\">\n\t\t\t<div class=\"elementor-widget-wrap elementor-element-populated\">\n\t\t\t\t\t\t<div class=\"elementor-element elementor-element-71486a elementor-widget__width-initial elementor-widget-tablet__width-inherit elementor-widget-mobile__width-inherit aboutToptittle elementor-widget elementor-widget-esmee_core_section_title\" data-id=\"71486a\" data-element_type=\"widget\" data-widget_type=\"esmee_core_section_title.default\">\n\t\t\t\t<div class=\"elementor-widget-container\">\n\t\t\t\t\t<div class=\"qodef-shortcode qodef-m  qodef-section-title qodef-alignment--left\">\n\t\t<h6 class=\"qodef-m-subtitle\" style=\"margin-bottom: -5px\">NA\u0160A PRI\u010cA<\/h6>\n\t\t<h1 class=\"qodef-m-title\" >\n\t\t\t\t\tO Penna Atelier \t\t\t<\/h1>\n\t<\/div>\n\t\t\t\t<\/div>\n\t\t\t\t<\/div>\n\t\t\t\t<div class=\"elementor-element elementor-element-7494099 elementor-widget elementor-widget-text-editor\" data-id=\"7494099\" data-element_type=\"widget\" data-widget_type=\"text-editor.default\">\n\t\t\t\t<div class=\"elementor-widget-container\">\n\t\t\t\t\t\t\t\t\t<p>Osnovale su ga sestre Nina i Nela Pena 2014. godine, PENNA Atelier je proslava rafinirane izrade, vanvremenske elegancije i moderne osna\u017eenosti. Vi\u0161e od 11 godina posve\u0107eni smo stvaranju izuzetnih \u017eenskih odela, haljina i ko\u017enih jakni\u2014dizajniranih za ambiciozne, samouverene \u017eene koje privla\u010de pa\u017enju u svakoj prostoriji u koju u\u0111u.<\/p><p>Sa zajedni\u010dkom vizijom i nepokolebljivom posve\u0107eno\u0161\u0107u kvalitetu, izgradili smo brend koji spaja besprekornu kroja\u010dku ve\u0161tinu sa savremenom sofisticirano\u0161\u0107u. Na\u0161a ode\u0107a je izra\u0111ena da zadovolji najvi\u0161e standarde, osiguravaju\u0107i da svaki komad isijava mo\u0107, gracioznost i beznaporsti stil.<\/p><p>Dizajnirane za profesionalce, izvr\u0161ne direktore i \u017eene koje prate modu, na\u0161e kolekcije nude vi\u0161e od same ode\u0107e\u2014one predstavljaju na\u010din \u017eivota punog samopouzdanja, uspeha i isticanja. Od sala za sastanke do ekskluzivnih doga\u0111aja, na\u0161i kreacije su krojene da unaprede va\u0161u prisutnost i ostave trajan utisak.<\/p><p>U PENNA Atelier verujemo da prava luksuz le\u017ei u detaljima. Svaki \u0161av, svaki izbor tkanine i svaka silueta pa\u017eljivo su odabrani da odraze na\u0161u posve\u0107enost izvrsnosti. Sa vi\u0161e od decenije iskustva, na\u0161a strast ostaje ista\u2014da inspiri\u0161emo, osna\u017eimo i redefini\u0161emo modernu eleganciju kroz modu.<\/p><p>Dobrodo\u0161li u brend gde se sofisticiranost susre\u0107e sa snagom. Dobrodo\u0161li u PENNA Atelier<\/p>\t\t\t\t\t\t\t\t<\/div>\n\t\t\t\t<\/div>\n\t\t\t\t\t<\/div>\n\t\t<\/div>\n\t\t\t\t<div class=\"elementor-column elementor-col-50 elementor-top-column elementor-element elementor-element-61a6e248\" data-id=\"61a6e248\" data-element_type=\"column\" data-settings=\"{&quot;background_background&quot;:&quot;classic&quot;}\">\n\t\t\t<div class=\"elementor-widget-wrap elementor-element-populated\">\n\t\t\t\t\t\t<div class=\"elementor-element elementor-element-0dcb529 elementor-widget elementor-widget-image\" data-id=\"0dcb529\" data-element_type=\"widget\" data-widget_type=\"image.default\">\n\t\t\t\t<div class=\"elementor-widget-container\">\n\t\t\t\t\t\t\t\t\t\t\t\t\t\t\t<img fetchpriority=\"high\" decoding=\"async\" width=\"683\" height=\"1024\" src=\"https:\/\/pennaatelier.com\/wp-content\/uploads\/2024\/04\/about-us-new-1-683x1024.jpeg\" class=\"attachment-large size-large wp-image-22401\" alt=\"\" srcset=\"https:\/\/pennaatelier.com\/wp-content\/uploads\/2024\/04\/about-us-new-1-683x1024.jpeg 683w, https:\/\/pennaatelier.com\/wp-content\/uploads\/2024\/04\/about-us-new-1-200x300.jpeg 200w, https:\/\/pennaatelier.com\/wp-content\/uploads\/2024\/04\/about-us-new-1-768x1151.jpeg 768w, https:\/\/pennaatelier.com\/wp-content\/uploads\/2024\/04\/about-us-new-1-1025x1536.jpeg 1025w, https:\/\/pennaatelier.com\/wp-content\/uploads\/2024\/04\/about-us-new-1-600x900.jpeg 600w, https:\/\/pennaatelier.com\/wp-content\/uploads\/2024\/04\/about-us-new-1.jpeg 1366w\" sizes=\"(max-width: 683px) 100vw, 683px\" \/>\t\t\t\t\t\t\t\t\t\t\t\t\t\t\t<\/div>\n\t\t\t\t<\/div>\n\t\t\t\t\t<\/div>\n\t\t<\/div>\n\t\t\t\t\t<\/div>\n\t\t<\/section>\n\t\t\t\t<section class=\"elementor-section elementor-top-section elementor-element elementor-element-539a174 qodef-elementor-content-grid elementor-section-stretched elementor-section-boxed elementor-section-height-default elementor-section-height-default\" data-id=\"539a174\" data-element_type=\"section\" data-settings=\"{&quot;stretch_section&quot;:&quot;section-stretched&quot;}\">\n\t\t\t\t\t\t<div class=\"elementor-container elementor-column-gap-default\">\n\t\t\t\t\t<div class=\"elementor-column elementor-col-25 elementor-top-column elementor-element elementor-element-52624d2f\" data-id=\"52624d2f\" data-element_type=\"column\">\n\t\t\t<div class=\"elementor-widget-wrap elementor-element-populated\">\n\t\t\t\t\t\t<div class=\"elementor-element elementor-element-39c7d751 elementor-widget elementor-widget-esmee_core_icon_with_text\" data-id=\"39c7d751\" data-element_type=\"widget\" data-widget_type=\"esmee_core_icon_with_text.default\">\n\t\t\t\t<div class=\"elementor-widget-container\">\n\t\t\t\t\t<div class=\"qodef-shortcode qodef-m  qodef-icon-with-text qodef-layout--top qodef--custom-icon  qodef-hover-animation--yes qodef-alignment--center\">\n\t<div class=\"qodef-m-icon-wrapper\">\n\t\t\t\t\t<img decoding=\"async\" width=\"66\" height=\"64\" src=\"https:\/\/pennaatelier.com\/wp-content\/uploads\/2021\/07\/icon-4-1.png\" class=\"attachment-full size-full\" alt=\"s\" \/>\t\t<\/div>\n\t<div class=\"qodef-m-content\">\n\t\t\t<h3 class=\"qodef-m-title\" >\n\t\t\t\t\t<span class=\"qodef-m-title-text\">Zaljubljeni<\/span>\n\t\t\t<\/h3>\n\t\t\t<p class=\"qodef-m-text\" >Zaljubite se u na\u0161u \u0161ik modu.<\/p>\n\t<\/div>\n<\/div>\n\t\t\t\t<\/div>\n\t\t\t\t<\/div>\n\t\t\t\t\t<\/div>\n\t\t<\/div>\n\t\t\t\t<div class=\"elementor-column elementor-col-25 elementor-top-column elementor-element elementor-element-33246e34\" data-id=\"33246e34\" data-element_type=\"column\">\n\t\t\t<div class=\"elementor-widget-wrap elementor-element-populated\">\n\t\t\t\t\t\t<div class=\"elementor-element elementor-element-5bff5e2b elementor-widget elementor-widget-esmee_core_icon_with_text\" data-id=\"5bff5e2b\" data-element_type=\"widget\" data-widget_type=\"esmee_core_icon_with_text.default\">\n\t\t\t\t<div class=\"elementor-widget-container\">\n\t\t\t\t\t<div class=\"qodef-shortcode qodef-m  qodef-icon-with-text qodef-layout--top qodef--custom-icon  qodef-hover-animation--yes qodef-alignment--center\">\n\t<div class=\"qodef-m-icon-wrapper\">\n\t\t\t\t\t<img decoding=\"async\" width=\"66\" height=\"64\" src=\"https:\/\/pennaatelier.com\/wp-content\/uploads\/2021\/07\/icon-1-1.png\" class=\"attachment-full size-full\" alt=\"s\" \/>\t\t<\/div>\n\t<div class=\"qodef-m-content\">\n\t\t\t<h3 class=\"qodef-m-title\" >\n\t\t\t\t\t<span class=\"qodef-m-title-text\">Distinktivno<\/span>\n\t\t\t<\/h3>\n\t\t\t<p class=\"qodef-m-text\" >Prigrlite svoju individualnost sa na\u0161om jedinstvenom modom.<\/p>\n\t<\/div>\n<\/div>\n\t\t\t\t<\/div>\n\t\t\t\t<\/div>\n\t\t\t\t\t<\/div>\n\t\t<\/div>\n\t\t\t\t<div class=\"elementor-column elementor-col-25 elementor-top-column elementor-element elementor-element-3cd91fcb\" data-id=\"3cd91fcb\" data-element_type=\"column\">\n\t\t\t<div class=\"elementor-widget-wrap elementor-element-populated\">\n\t\t\t\t\t\t<div class=\"elementor-element elementor-element-4208bfe2 elementor-widget elementor-widget-esmee_core_icon_with_text\" data-id=\"4208bfe2\" data-element_type=\"widget\" data-widget_type=\"esmee_core_icon_with_text.default\">\n\t\t\t\t<div class=\"elementor-widget-container\">\n\t\t\t\t\t<div class=\"qodef-shortcode qodef-m  qodef-icon-with-text qodef-layout--top qodef--custom-icon  qodef-hover-animation--yes qodef-alignment--center\">\n\t<div class=\"qodef-m-icon-wrapper\">\n\t\t\t\t\t<img loading=\"lazy\" decoding=\"async\" width=\"66\" height=\"64\" src=\"https:\/\/pennaatelier.com\/wp-content\/uploads\/2021\/07\/icon-3-1.png\" class=\"attachment-full size-full\" alt=\"s\" \/>\t\t<\/div>\n\t<div class=\"qodef-m-content\">\n\t\t\t<h3 class=\"qodef-m-title\" >\n\t\t\t\t\t<span class=\"qodef-m-title-text\">24\/7<\/span>\n\t\t\t<\/h3>\n\t\t\t<p class=\"qodef-m-text\" >Uvek dostupni za vas.<\/p>\n\t<\/div>\n<\/div>\n\t\t\t\t<\/div>\n\t\t\t\t<\/div>\n\t\t\t\t\t<\/div>\n\t\t<\/div>\n\t\t\t\t<div class=\"elementor-column elementor-col-25 elementor-top-column elementor-element elementor-element-7971ae81\" data-id=\"7971ae81\" data-element_type=\"column\">\n\t\t\t<div class=\"elementor-widget-wrap elementor-element-populated\">\n\t\t\t\t\t\t<div class=\"elementor-element elementor-element-738a09d1 elementor-widget elementor-widget-esmee_core_icon_with_text\" data-id=\"738a09d1\" data-element_type=\"widget\" data-widget_type=\"esmee_core_icon_with_text.default\">\n\t\t\t\t<div class=\"elementor-widget-container\">\n\t\t\t\t\t<div class=\"qodef-shortcode qodef-m  qodef-icon-with-text qodef-layout--top qodef--custom-icon  qodef-hover-animation--yes qodef-alignment--center\">\n\t<div class=\"qodef-m-icon-wrapper\">\n\t\t\t\t\t<img loading=\"lazy\" decoding=\"async\" width=\"66\" height=\"64\" src=\"https:\/\/pennaatelier.com\/wp-content\/uploads\/2021\/07\/h7-icon1.png\" class=\"attachment-full size-full\" alt=\"s\" \/>\t\t<\/div>\n\t<div class=\"qodef-m-content\">\n\t\t\t<h3 class=\"qodef-m-title\" >\n\t\t\t\t\t<span class=\"qodef-m-title-text\">Laka kupovina<\/span>\n\t\t\t<\/h3>\n\t\t\t<p class=\"qodef-m-text\" >Moda na dohvat ruke uz e-trgovinu.<\/p>\n\t<\/div>\n<\/div>\n\t\t\t\t<\/div>\n\t\t\t\t<\/div>\n\t\t\t\t\t<\/div>\n\t\t<\/div>\n\t\t\t\t\t<\/div>\n\t\t<\/section>\n\t\t\t\t<section class=\"elementor-section elementor-top-section elementor-element elementor-element-5105dc60 qodef-elementor-content-grid elementor-section-stretched elementor-section-boxed elementor-section-height-default elementor-section-height-default\" data-id=\"5105dc60\" data-element_type=\"section\" data-settings=\"{&quot;stretch_section&quot;:&quot;section-stretched&quot;}\">\n\t\t\t\t\t\t<div class=\"elementor-container elementor-column-gap-default\">\n\t\t\t\t\t<div class=\"elementor-column elementor-col-100 elementor-top-column elementor-element elementor-element-2a2da8df\" data-id=\"2a2da8df\" data-element_type=\"column\">\n\t\t\t<div class=\"elementor-widget-wrap elementor-element-populated\">\n\t\t\t\t\t\t<div class=\"elementor-element elementor-element-29a90c10 elementor-widget elementor-widget-esmee_core_section_title\" data-id=\"29a90c10\" data-element_type=\"widget\" data-widget_type=\"esmee_core_section_title.default\">\n\t\t\t\t<div class=\"elementor-widget-container\">\n\t\t\t\t\t<div class=\"qodef-shortcode qodef-m  qodef-section-title qodef-alignment--left\">\n\t\t<h6 class=\"qodef-m-subtitle\" style=\"margin-bottom: -5px\">planet moda<\/h6>\n\t\t<h1 class=\"qodef-m-title\" >\n\t\t\t\t\tNajnovije vesti i trendovi\t\t\t<\/h1>\n\t<\/div>\n\t\t\t\t<\/div>\n\t\t\t\t<\/div>\n\t\t\t\t<div class=\"elementor-element elementor-element-12e5e868 elementor-widget elementor-widget-esmee_core_blog_list\" data-id=\"12e5e868\" data-element_type=\"widget\" data-widget_type=\"esmee_core_blog_list.default\">\n\t\t\t\t<div class=\"elementor-widget-container\">\n\t\t\t\t\t<div class=\"qodef-shortcode qodef-m  qodef-blog qodef-item-layout--minimal qodef-layout--regular qodef-hover-animation--no  qodef-grid qodef-layout--columns  qodef-gutter--medium qodef-col-num--3   qodef-item-layout--minimal qodef--no-bottom-space qodef-pagination--off qodef-responsive--custom qodef-col-num--1440--3 qodef-col-num--1366--3 qodef-col-num--1024--3 qodef-col-num--768--1 qodef-col-num--680--1 qodef-col-num--480--1\" data-options=\"{&quot;plugin&quot;:&quot;esmee_core&quot;,&quot;module&quot;:&quot;blog\\\/shortcodes&quot;,&quot;shortcode&quot;:&quot;blog-list&quot;,&quot;post_type&quot;:&quot;post&quot;,&quot;next_page&quot;:&quot;2&quot;,&quot;max_pages_num&quot;:4,&quot;behavior&quot;:&quot;columns&quot;,&quot;images_proportion&quot;:&quot;full&quot;,&quot;columns&quot;:&quot;3&quot;,&quot;columns_responsive&quot;:&quot;custom&quot;,&quot;columns_1440&quot;:&quot;3&quot;,&quot;columns_1366&quot;:&quot;3&quot;,&quot;columns_1024&quot;:&quot;3&quot;,&quot;columns_768&quot;:&quot;1&quot;,&quot;columns_680&quot;:&quot;1&quot;,&quot;columns_480&quot;:&quot;1&quot;,&quot;space&quot;:&quot;medium&quot;,&quot;posts_per_page&quot;:&quot;3&quot;,&quot;orderby&quot;:&quot;date&quot;,&quot;order&quot;:&quot;DESC&quot;,&quot;additional_params&quot;:&quot;tax&quot;,&quot;tax&quot;:&quot;category&quot;,&quot;tax_slug&quot;:&quot;fashion&quot;,&quot;layout&quot;:&quot;minimal&quot;,&quot;title_tag&quot;:&quot;h3&quot;,&quot;excerpt_length&quot;:&quot;121&quot;,&quot;hover_animation&quot;:&quot;no&quot;,&quot;pagination_type&quot;:&quot;no-pagination&quot;,&quot;object_class_name&quot;:&quot;EsmeeCore_Blog_List_Shortcode&quot;,&quot;taxonomy_filter&quot;:&quot;category&quot;,&quot;additional_query_args&quot;:{&quot;tax_query&quot;:[{&quot;taxonomy&quot;:&quot;category&quot;,&quot;field&quot;:&quot;slug&quot;,&quot;terms&quot;:&quot;fashion&quot;}]},&quot;space_value&quot;:20}\">\n\t\t<div class=\"qodef-grid-inner clear\">\n\t\t<article class=\"qodef-e qodef-blog-item qodef-grid-item qodef-item--full post-19515 post type-post status-publish format-standard has-post-thumbnail hentry category-dress category-fashion category-skirts category-style tag-black tag-dress tag-fashion tag-mini tag-style\">\n\t<div class=\"qodef-e-inner\">\n\t\t<div class=\"qodef-e-content\">\n\t\t\t<div class=\"qodef-e-text\">\n\t\t\t\t<a href=\"https:\/\/pennaatelier.com\/sr\/category\/dress\/\" rel=\"tag\">Haljine<\/a><span class=\"qodef-info-separator-single\"><\/span><a href=\"https:\/\/pennaatelier.com\/sr\/category\/fashion\/\" rel=\"tag\">Moda<\/a><span class=\"qodef-info-separator-single\"><\/span><a href=\"https:\/\/pennaatelier.com\/sr\/category\/skirts\/\" rel=\"tag\">Suknje<\/a><span class=\"qodef-info-separator-single\"><\/span><a href=\"https:\/\/pennaatelier.com\/sr\/category\/style\/\" rel=\"tag\">Stil<\/a><div class=\"qodef-info-separator-end\"><\/div><h3 itemprop=\"name\" class=\"qodef-e-title entry-title\" >\n\t<a itemprop=\"url\" class=\"qodef-e-title-link\" href=\"https:\/\/pennaatelier.com\/sr\/the-versatility-of-the-little-black-dress-dressing-up-or-down-with-style\/\">\n\t\tSvestranost male crne haljine: Obla\u010denje gore ili dole sa stilom\t<\/a>\n<\/h3>\n\t\t<p itemprop=\"description\" class=\"qodef-e-excerpt\">Mala crna haljina je pravi ikona mode. To je bezvremenski komad koji su slavili dizajneri, modni<\/p>\n\t\t\t\t<\/div>\n\t\t\t<div class=\"qodef-e-bottom-holder\">\n\t\t\t\t<div class=\"qodef-e-info\">\n\t\t\t\t\t\t<div class=\"qodef-e-read-more\">\n\t\t<a class=\"qodef-shortcode qodef-m  qodef-button qodef-layout--textual  qodef-html--link\" href=\"https:\/\/pennaatelier.com\/sr\/the-versatility-of-the-little-black-dress-dressing-up-or-down-with-style\/\" target=\"_self\"  >\t<span class=\"qodef-m-text\">\u041f\u0440\u043e\u0447\u0438\u0442\u0430\u0458\u0442\u0435 \u0432\u0438\u0448\u0435<\/span><\/a>\t<\/div>\n\t\t\t\t<\/div>\n\t\t\t<\/div>\n\t\t<\/div>\n\t<\/div>\n<\/article>\n<article class=\"qodef-e qodef-blog-item qodef-grid-item qodef-item--full post-19509 post type-post status-publish format-standard has-post-thumbnail hentry category-blouse category-design category-dress category-events category-fashion category-sets category-style tag-chic tag-fashion tag-layering tag-modern tag-outfit tag-set\">\n\t<div class=\"qodef-e-inner\">\n\t\t<div class=\"qodef-e-content\">\n\t\t\t<div class=\"qodef-e-text\">\n\t\t\t\t<a href=\"https:\/\/pennaatelier.com\/sr\/category\/blouse\/\" rel=\"tag\">Bluz\u0430<\/a><span class=\"qodef-info-separator-single\"><\/span><a href=\"https:\/\/pennaatelier.com\/sr\/category\/design\/\" rel=\"tag\">Dizajn<\/a><span class=\"qodef-info-separator-single\"><\/span><a href=\"https:\/\/pennaatelier.com\/sr\/category\/dress\/\" rel=\"tag\">Haljine<\/a><span class=\"qodef-info-separator-single\"><\/span><a href=\"https:\/\/pennaatelier.com\/sr\/category\/events\/\" rel=\"tag\">Doga\u0111aji<\/a><span class=\"qodef-info-separator-single\"><\/span><a href=\"https:\/\/pennaatelier.com\/sr\/category\/fashion\/\" rel=\"tag\">Moda<\/a><span class=\"qodef-info-separator-single\"><\/span><a href=\"https:\/\/pennaatelier.com\/sr\/category\/sets\/\" rel=\"tag\">Komplet<\/a><span class=\"qodef-info-separator-single\"><\/span><a href=\"https:\/\/pennaatelier.com\/sr\/category\/style\/\" rel=\"tag\">Stil<\/a><div class=\"qodef-info-separator-end\"><\/div><h3 itemprop=\"name\" class=\"qodef-e-title entry-title\" >\n\t<a itemprop=\"url\" class=\"qodef-e-title-link\" href=\"https:\/\/pennaatelier.com\/sr\/the-art-of-layering-creating-chic-outfits-with-multiple-pieces\/\">\n\t\tUmjetnost slojevanja: Kreiranje \u0161ik kombinacija sa vi\u0161e komada\t<\/a>\n<\/h3>\n\t\t<p itemprop=\"description\" class=\"qodef-e-excerpt\">Slojevanje je umetnost koja mo\u017ee podi\u0107i va\u0161u kombinaciju na vi\u0161i nivo, posebno tokom hladnijih meseci. Slojevanje uklju\u010duje<\/p>\n\t\t\t\t<\/div>\n\t\t\t<div class=\"qodef-e-bottom-holder\">\n\t\t\t\t<div class=\"qodef-e-info\">\n\t\t\t\t\t\t<div class=\"qodef-e-read-more\">\n\t\t<a class=\"qodef-shortcode qodef-m  qodef-button qodef-layout--textual  qodef-html--link\" href=\"https:\/\/pennaatelier.com\/sr\/the-art-of-layering-creating-chic-outfits-with-multiple-pieces\/\" target=\"_self\"  >\t<span class=\"qodef-m-text\">\u041f\u0440\u043e\u0447\u0438\u0442\u0430\u0458\u0442\u0435 \u0432\u0438\u0448\u0435<\/span><\/a>\t<\/div>\n\t\t\t\t<\/div>\n\t\t\t<\/div>\n\t\t<\/div>\n\t<\/div>\n<\/article>\n<article class=\"qodef-e qodef-blog-item qodef-grid-item qodef-item--full post-19503 post type-post status-publish format-standard has-post-thumbnail hentry category-accessories category-design category-events category-fashion category-sets category-style tag-accessories tag-bags tag-fashion tag-gloves tag-hats tag-jewelry tag-style\">\n\t<div class=\"qodef-e-inner\">\n\t\t<div class=\"qodef-e-content\">\n\t\t\t<div class=\"qodef-e-text\">\n\t\t\t\t<a href=\"https:\/\/pennaatelier.com\/sr\/category\/accessories\/\" rel=\"tag\">Dodaci<\/a><span class=\"qodef-info-separator-single\"><\/span><a href=\"https:\/\/pennaatelier.com\/sr\/category\/design\/\" rel=\"tag\">Dizajn<\/a><span class=\"qodef-info-separator-single\"><\/span><a href=\"https:\/\/pennaatelier.com\/sr\/category\/events\/\" rel=\"tag\">Doga\u0111aji<\/a><span class=\"qodef-info-separator-single\"><\/span><a href=\"https:\/\/pennaatelier.com\/sr\/category\/fashion\/\" rel=\"tag\">Moda<\/a><span class=\"qodef-info-separator-single\"><\/span><a href=\"https:\/\/pennaatelier.com\/sr\/category\/sets\/\" rel=\"tag\">Komplet<\/a><span class=\"qodef-info-separator-single\"><\/span><a href=\"https:\/\/pennaatelier.com\/sr\/category\/style\/\" rel=\"tag\">Stil<\/a><div class=\"qodef-info-separator-end\"><\/div><h3 itemprop=\"name\" class=\"qodef-e-title entry-title\" >\n\t<a itemprop=\"url\" class=\"qodef-e-title-link\" href=\"https:\/\/pennaatelier.com\/sr\/the-power-of-accessories-elevating-your-look-with-luxury-pieces-accessories\/\">\n\t\tMo\u0107 dodataka: Podizanje va\u0161eg izgleda luksuznim komadima\t<\/a>\n<\/h3>\n\t\t<p itemprop=\"description\" class=\"qodef-e-excerpt\">Dodaci su kona\u010dni dodir svakoj kombinaciji, dodaju\u0107i da\u0161ak elegancije i sofisticiranosti koji mogu podi\u0107i<\/p>\n\t\t\t\t<\/div>\n\t\t\t<div class=\"qodef-e-bottom-holder\">\n\t\t\t\t<div class=\"qodef-e-info\">\n\t\t\t\t\t\t<div class=\"qodef-e-read-more\">\n\t\t<a class=\"qodef-shortcode qodef-m  qodef-button qodef-layout--textual  qodef-html--link\" href=\"https:\/\/pennaatelier.com\/sr\/the-power-of-accessories-elevating-your-look-with-luxury-pieces-accessories\/\" target=\"_self\"  >\t<span class=\"qodef-m-text\">\u041f\u0440\u043e\u0447\u0438\u0442\u0430\u0458\u0442\u0435 \u0432\u0438\u0448\u0435<\/span><\/a>\t<\/div>\n\t\t\t\t<\/div>\n\t\t\t<\/div>\n\t\t<\/div>\n\t<\/div>\n<\/article>\n\t<\/div>\n\t<\/div>\n\t\t\t\t<\/div>\n\t\t\t\t<\/div>\n\t\t\t\t\t<\/div>\n\t\t<\/div>\n\t\t\t\t\t<\/div>\n\t\t<\/section>\n\t\t\t\t<\/div>","protected":false},"excerpt":{"rendered":"<p>OUR STORY About Penna Atelier Founded in 2014 by sisters Nina and Nela Pena, PENNA Atelier is a celebration of refined craftsmanship, timeless elegance, and modern empowerment. For over 11 years, we have been dedicated to creating exceptional women\u2019s suits, dresses, and leather jackets\u2014designed for ambitious, confident women who command attention in every room they [&hellip;]<\/p>","protected":false},"author":1,"featured_media":0,"parent":0,"menu_order":0,"comment_status":"closed","ping_status":"closed","template":"","meta":{"footnotes":""},"class_list":["post-18421","page","type-page","status-publish","hentry"],"aioseo_notices":[],"_links":{"self":[{"href":"https:\/\/pennaatelier.com\/sr\/wp-json\/wp\/v2\/pages\/18421","targetHints":{"allow":["GET"]}}],"collection":[{"href":"https:\/\/pennaatelier.com\/sr\/wp-json\/wp\/v2\/pages"}],"about":[{"href":"https:\/\/pennaatelier.com\/sr\/wp-json\/wp\/v2\/types\/page"}],"author":[{"embeddable":true,"href":"https:\/\/pennaatelier.com\/sr\/wp-json\/wp\/v2\/users\/1"}],"replies":[{"embeddable":true,"href":"https:\/\/pennaatelier.com\/sr\/wp-json\/wp\/v2\/comments?post=18421"}],"version-history":[{"count":6,"href":"https:\/\/pennaatelier.com\/sr\/wp-json\/wp\/v2\/pages\/18421\/revisions"}],"predecessor-version":[{"id":23000,"href":"https:\/\/pennaatelier.com\/sr\/wp-json\/wp\/v2\/pages\/18421\/revisions\/23000"}],"wp:attachment":[{"href":"https:\/\/pennaatelier.com\/sr\/wp-json\/wp\/v2\/media?parent=18421"}],"curies":[{"name":"wp","href":"https:\/\/api.w.org\/{rel}","templated":true}]}}