{"id":20,"date":"2019-07-30T16:52:43","date_gmt":"2019-07-30T16:52:43","guid":{"rendered":"https:\/\/pennaatelier.com\/?page_id=20"},"modified":"2023-04-27T11:06:21","modified_gmt":"2023-04-27T11:06:21","slug":"size-guide","status":"publish","type":"page","link":"https:\/\/pennaatelier.com\/sr\/size-guide\/","title":{"rendered":"Vodi\u010d za veli\u010dine"},"content":{"rendered":"<div data-elementor-type=\"wp-page\" data-elementor-id=\"20\" class=\"elementor elementor-20\">\n\t\t\t\t\t\t<section class=\"elementor-section elementor-top-section elementor-element elementor-element-164d104a elementor-section-boxed elementor-section-height-default elementor-section-height-default qodef-elementor-content-no\" data-id=\"164d104a\" data-element_type=\"section\">\n\t\t\t\t\t\t<div class=\"elementor-container elementor-column-gap-default\">\n\t\t\t\t\t<div class=\"elementor-column elementor-col-100 elementor-top-column elementor-element elementor-element-711169e\" data-id=\"711169e\" data-element_type=\"column\">\n\t\t\t<div class=\"elementor-widget-wrap elementor-element-populated\">\n\t\t\t\t\t\t<div class=\"elementor-element elementor-element-78085515 elementor-widget elementor-widget-text-editor\" data-id=\"78085515\" data-element_type=\"widget\" data-widget_type=\"text-editor.default\">\n\t\t\t\t<div class=\"elementor-widget-container\">\n\t\t\t\t\t\t\t\t\t<h2 style=\"text-align: center;\">Merenje va\u0161eg tela<strong><br \/><\/strong><\/h2><p><strong>Struk<\/strong> \u2013 Prona\u0111ite svoj prirodni struk ili naju\u017ei deo torza.<br \/><strong>Kukovi<\/strong> \u2013 Ovo je naj\u0161iri deo va\u0161ih gluteusa. Poku\u0161ajte da se pogledate u ogledalu dok stojite bo\u010dno. Uverite se da je traka paralelna sa podom.<br \/><strong>Grudi<\/strong> \u2013 Stanite sa nogama zajedno i torzom uspravnim i prona\u0111ite naj\u0161iri deo oko va\u0161ih grudi.<br \/><strong>Stomak<\/strong> \u2013 Stanite sa nogama zajedno i torzom uspravnim, ali opu\u0161tenim i prona\u0111ite naj\u0161iri deo va\u0161eg torza, \u010desto oko pupka.<br \/><strong>Ruke<\/strong> \u2013 Stanite uspravno sa opu\u0161tenom rukom i prona\u0111ite sredinu izme\u0111u kosti ramena i lakta jedne ruke.<br \/><strong>Butine<\/strong> \u2013 Sredina izme\u0111u donjeg dela gluteusa i zadnje strane kolena, ili naj\u0161iri deo butine.<br \/><strong>Listovi<\/strong> \u2013 Na pola puta izme\u0111u kolena i \u010dlanka.<\/p>\t\t\t\t\t\t\t\t<\/div>\n\t\t\t\t<\/div>\n\t\t\t\t\t<\/div>\n\t\t<\/div>\n\t\t\t\t\t<\/div>\n\t\t<\/section>\n\t\t\t\t<section class=\"elementor-section elementor-top-section elementor-element elementor-element-c2e87f2 elementor-section-boxed elementor-section-height-default elementor-section-height-default qodef-elementor-content-no\" data-id=\"c2e87f2\" data-element_type=\"section\">\n\t\t\t\t\t\t<div class=\"elementor-container elementor-column-gap-default\">\n\t\t\t\t\t<div class=\"elementor-column elementor-col-50 elementor-top-column elementor-element elementor-element-bc60422\" data-id=\"bc60422\" data-element_type=\"column\">\n\t\t\t<div class=\"elementor-widget-wrap elementor-element-populated\">\n\t\t\t\t\t\t<div class=\"elementor-element elementor-element-7767910 elementor-widget elementor-widget-image\" data-id=\"7767910\" data-element_type=\"widget\" data-widget_type=\"image.default\">\n\t\t\t\t<div class=\"elementor-widget-container\">\n\t\t\t\t\t\t\t\t\t\t\t\t\t\t\t<img fetchpriority=\"high\" decoding=\"async\" width=\"360\" height=\"671\" src=\"https:\/\/pennaatelier.com\/wp-content\/uploads\/2019\/09\/xhow-to-measure-drawings.jpg.pagespeed.ic_.i6-X1JezHM.jpg\" class=\"attachment-large size-large wp-image-293\" alt=\"\" srcset=\"https:\/\/pennaatelier.com\/wp-content\/uploads\/2019\/09\/xhow-to-measure-drawings.jpg.pagespeed.ic_.i6-X1JezHM.jpg 360w, https:\/\/pennaatelier.com\/wp-content\/uploads\/2019\/09\/xhow-to-measure-drawings.jpg.pagespeed.ic_.i6-X1JezHM-161x300.jpg 161w\" sizes=\"(max-width: 360px) 100vw, 360px\" \/>\t\t\t\t\t\t\t\t\t\t\t\t\t\t\t<\/div>\n\t\t\t\t<\/div>\n\t\t\t\t\t<\/div>\n\t\t<\/div>\n\t\t\t\t<div class=\"elementor-column elementor-col-50 elementor-top-column elementor-element elementor-element-f516d52\" data-id=\"f516d52\" data-element_type=\"column\">\n\t\t\t<div class=\"elementor-widget-wrap elementor-element-populated\">\n\t\t\t\t\t\t<div class=\"elementor-element elementor-element-38708d6 elementor-widget elementor-widget-image\" data-id=\"38708d6\" data-element_type=\"widget\" data-widget_type=\"image.default\">\n\t\t\t\t<div class=\"elementor-widget-container\">\n\t\t\t\t\t\t\t\t\t\t\t\t\t\t\t<img decoding=\"async\" width=\"570\" height=\"570\" src=\"https:\/\/pennaatelier.com\/wp-content\/uploads\/2019\/09\/measureyourself-guidelines-0816.jpg\" class=\"attachment-large size-large wp-image-292\" alt=\"\" srcset=\"https:\/\/pennaatelier.com\/wp-content\/uploads\/2019\/09\/measureyourself-guidelines-0816.jpg 570w, https:\/\/pennaatelier.com\/wp-content\/uploads\/2019\/09\/measureyourself-guidelines-0816-100x100.jpg 100w, https:\/\/pennaatelier.com\/wp-content\/uploads\/2019\/09\/measureyourself-guidelines-0816-150x150.jpg 150w, https:\/\/pennaatelier.com\/wp-content\/uploads\/2019\/09\/measureyourself-guidelines-0816-300x300.jpg 300w\" sizes=\"(max-width: 570px) 100vw, 570px\" \/>\t\t\t\t\t\t\t\t\t\t\t\t\t\t\t<\/div>\n\t\t\t\t<\/div>\n\t\t\t\t\t<\/div>\n\t\t<\/div>\n\t\t\t\t\t<\/div>\n\t\t<\/section>\n\t\t\t\t<\/div>","protected":false},"excerpt":{"rendered":"<p>Measuring Your Body Waist &#8211; Find your natural waist or the narrowest part of the torso.Hips &#8211; This is the widest part of your glutes. Try looking in a mirror while standing sideways. Make sure the tape is parallel to the floor.Chest &#8211; Stand with feet together and the torso straight and find the widest [&hellip;]<\/p>","protected":false},"author":1,"featured_media":0,"parent":0,"menu_order":0,"comment_status":"closed","ping_status":"closed","template":"","meta":{"footnotes":""},"class_list":["post-20","page","type-page","status-publish","hentry"],"aioseo_notices":[],"_links":{"self":[{"href":"https:\/\/pennaatelier.com\/sr\/wp-json\/wp\/v2\/pages\/20","targetHints":{"allow":["GET"]}}],"collection":[{"href":"https:\/\/pennaatelier.com\/sr\/wp-json\/wp\/v2\/pages"}],"about":[{"href":"https:\/\/pennaatelier.com\/sr\/wp-json\/wp\/v2\/types\/page"}],"author":[{"embeddable":true,"href":"https:\/\/pennaatelier.com\/sr\/wp-json\/wp\/v2\/users\/1"}],"replies":[{"embeddable":true,"href":"https:\/\/pennaatelier.com\/sr\/wp-json\/wp\/v2\/comments?post=20"}],"version-history":[{"count":0,"href":"https:\/\/pennaatelier.com\/sr\/wp-json\/wp\/v2\/pages\/20\/revisions"}],"wp:attachment":[{"href":"https:\/\/pennaatelier.com\/sr\/wp-json\/wp\/v2\/media?parent=20"}],"curies":[{"name":"wp","href":"https:\/\/api.w.org\/{rel}","templated":true}]}}