{"id":26,"date":"2019-07-30T16:53:36","date_gmt":"2019-07-30T16:53:36","guid":{"rendered":"https:\/\/pennaatelier.com\/?page_id=26"},"modified":"2023-05-24T13:06:27","modified_gmt":"2023-05-24T13:06:27","slug":"return-policy","status":"publish","type":"page","link":"https:\/\/pennaatelier.com\/sr\/return-policy\/","title":{"rendered":"Politika povra\u0107aja"},"content":{"rendered":"<div data-elementor-type=\"wp-page\" data-elementor-id=\"26\" class=\"elementor elementor-26\">\n\t\t\t\t\t\t<section class=\"elementor-section elementor-top-section elementor-element elementor-element-6256b821 elementor-section-boxed elementor-section-height-default elementor-section-height-default qodef-elementor-content-no\" data-id=\"6256b821\" data-element_type=\"section\">\n\t\t\t\t\t\t<div class=\"elementor-container elementor-column-gap-default\">\n\t\t\t\t\t<div class=\"elementor-column elementor-col-100 elementor-top-column elementor-element elementor-element-3761ca27\" data-id=\"3761ca27\" data-element_type=\"column\">\n\t\t\t<div class=\"elementor-widget-wrap elementor-element-populated\">\n\t\t\t\t\t\t<div class=\"elementor-element elementor-element-67ce1172 elementor-widget elementor-widget-text-editor\" data-id=\"67ce1172\" data-element_type=\"widget\" data-widget_type=\"text-editor.default\">\n\t\t\t\t<div class=\"elementor-widget-container\">\n\t\t\t\t\t\t\t\t\t<h2 style=\"text-align: center;\">Politika vra\u0107anja, zamene i povra\u0107aja novca<\/h2><p>Na\u0161a politika traje 14 dana. Ako je pro\u0161lo 14 dana od dana kada je narud\u017ebina primljena, na\u017ealost ne mo\u017eemo vam ponuditi povra\u0107aj novca ili zamenu.<\/p><p>Po\u0161to ste napravili narud\u017ebinu i preuzeli odgovornost, molimo vas da se uverite da ste odabrali ta\u010dnu veli\u010dinu<strong>,\u00a0<\/strong>\u043c\u043e\u0434\u0435\u043b<strong>\u00a0<\/strong>i tip.<\/p><p>\u0160aljemo stavke besplatno, ali u slu\u010daju povrata\/zamene napla\u0107ujemo tro\u0161kove.<\/p><p>\u00a0<\/p><p><strong>POVRA\u0106AJ NOVCA<\/strong><\/p><p>NAPOMENA: Vra\u0107amo puni iznos ako po\u0161aljemo stavku koja nije opisana, pogre\u0161ne veli\u010dine\/boje ili modela. Ako ste odobreni, va\u0161 povra\u0107aj novca \u0107e biti obra\u0111en, a kredit \u0107e automatski biti primenjen na va\u0161u kreditnu karticu ili originalnu metodu pla\u0107anja, u roku od odre\u0111enog broja dana.<\/p><p>U slu\u010daju vra\u0107anja robe i povra\u0107aja sredstava kupcu koji je prethodno platio jednom od platnih kartica, delimi\u010dno ili u celosti, i bez obzira na razlog vra\u0107anja, PENNA ATELIER DOO je du\u017ean da izvr\u0161i povra\u0107aj isklju\u010divo putem VISA, EC\/MC i Maestro platnih metoda, \u0161to zna\u010di da \u0107e banka vratiti sredstva na ra\u010dun korisnika kartice na zahtev prodavca.<\/p><p>Povra\u0107aj novca \u0107e biti odobren u roku od 15-20 dana, zavisi od banke.<\/p><p>\u00a0<\/p><p><strong>ZAMENA<\/strong><\/p><p>Zamenjujemo samo model koji ste naru\u010dili (ako je dostupan), ako je veli\u010dina manja ili ve\u0107a. Ne mo\u017eemo ga promeniti u drugi model. U slu\u010daju da ga imamo na skladi\u0161tu.<\/p><p>Da biste bili podobni za zamenu, va\u0161a stavka mora biti neiskori\u0161\u0107ena i u istom stanju u kojem ste je primili. Tako\u0111e mora biti u originalnom pakovanju.<\/p><p>Ponekad se desi da nismo u mogu\u0107nosti da zamenimo va\u0161u stavku, u tom slu\u010daju nudimo vam dobre popuste\/poklone za va\u0161e slede\u0107e kupovine.<\/p><p>Bi\u0107ete odgovorni za pla\u0107anje tro\u0161kova dostave za razmenu va\u0161eg artikla. Za neke zemlje napla\u0107ujemo dodatne tro\u0161kove za dostavu razmenjenog proizvoda.<\/p><p>U zavisnosti od toga gde \u017eivite, mo\u017ee pro\u0107i odre\u0111eno vreme (do 15-25 dana) da va\u0161 razmenjeni proizvod stigne do vas.<\/p><p>Razmislite o kori\u0161\u0107enju usluge dostave sa mogu\u0107no\u0161\u0107u pra\u0107enja ili kupovini osiguranja za dostavu. Ne mo\u017eemo garantovati da \u0107emo primiti va\u0161 vra\u0107eni artikal.<\/p><p>\u00a0<\/p><p><strong>POVRAT<\/strong><\/p><p>Ne prihvatamo povrat, po\u0161to su haljine koje smo napravili posebno krojene za vas. Mo\u017eete samo zameniti artikal za drugu veli\u010dinu.<\/p><p>\u00a0<\/p><p><strong>OTKAZIVANJE PORUD\u017dBINE<\/strong><\/p><p>Kada se narud\u017ebina postavi, ne\u0107emo mo\u0107i da je otka\u017eemo nakon 2 sata jer je va\u0161a narud\u017ebina mo\u017eda ve\u0107 obra\u0111ena.<\/p><p>Molimo vas da nam po\u0161aljete email na\u00a0<strong>info@pennaatelier.com<\/strong>\u00a0\u0161to je pre mogu\u0107e ako \u017eelite da otka\u017eete narud\u017ebinu koju ste upravo napravili.<\/p><p>Molimo kontaktirajte korisni\u010dku podr\u0161ku ako su potrebne dodatne informacije info@pennaatelier.com.<\/p>\t\t\t\t\t\t\t\t<\/div>\n\t\t\t\t<\/div>\n\t\t\t\t\t<\/div>\n\t\t<\/div>\n\t\t\t\t\t<\/div>\n\t\t<\/section>\n\t\t\t\t<\/div>","protected":false},"excerpt":{"rendered":"<p>Returns, Exchange and Refund Policy Our policy lasts\u00a014 days. If\u00a014 days have gone from the day the order was received, unfortunately we can\u2019t offer you a refund or exchange. Since you make an order and accept responsibility, please make sure you choose correct size,\u00a0model\u00a0and\u00a0type. We do ship items for free, but in case of returns\/exchange [&hellip;]<\/p>","protected":false},"author":1,"featured_media":0,"parent":0,"menu_order":0,"comment_status":"closed","ping_status":"closed","template":"","meta":{"footnotes":""},"class_list":["post-26","page","type-page","status-publish","hentry"],"aioseo_notices":[],"_links":{"self":[{"href":"https:\/\/pennaatelier.com\/sr\/wp-json\/wp\/v2\/pages\/26","targetHints":{"allow":["GET"]}}],"collection":[{"href":"https:\/\/pennaatelier.com\/sr\/wp-json\/wp\/v2\/pages"}],"about":[{"href":"https:\/\/pennaatelier.com\/sr\/wp-json\/wp\/v2\/types\/page"}],"author":[{"embeddable":true,"href":"https:\/\/pennaatelier.com\/sr\/wp-json\/wp\/v2\/users\/1"}],"replies":[{"embeddable":true,"href":"https:\/\/pennaatelier.com\/sr\/wp-json\/wp\/v2\/comments?post=26"}],"version-history":[{"count":0,"href":"https:\/\/pennaatelier.com\/sr\/wp-json\/wp\/v2\/pages\/26\/revisions"}],"wp:attachment":[{"href":"https:\/\/pennaatelier.com\/sr\/wp-json\/wp\/v2\/media?parent=26"}],"curies":[{"name":"wp","href":"https:\/\/api.w.org\/{rel}","templated":true}]}}