{"id":3121,"date":"2021-07-26T13:57:49","date_gmt":"2021-07-26T13:57:49","guid":{"rendered":"https:\/\/esmee.qodeinteractive.com\/?page_id=3121"},"modified":"2023-05-04T16:14:18","modified_gmt":"2023-05-04T16:14:18","slug":"faq","status":"publish","type":"page","link":"https:\/\/pennaatelier.com\/sr\/faq\/","title":{"rendered":"\u010cesto postavljana pitanja"},"content":{"rendered":"<div data-elementor-type=\"wp-page\" data-elementor-id=\"3121\" class=\"elementor elementor-3121\">\n\t\t\t\t\t\t<section class=\"elementor-section elementor-top-section elementor-element elementor-element-3cba1f6 qodef-elementor-content-grid elementor-section-boxed elementor-section-height-default elementor-section-height-default\" data-id=\"3cba1f6\" data-element_type=\"section\">\n\t\t\t\t\t\t<div class=\"elementor-container elementor-column-gap-default\">\n\t\t\t\t\t<div class=\"elementor-column elementor-col-50 elementor-top-column elementor-element elementor-element-fdb54a0\" data-id=\"fdb54a0\" data-element_type=\"column\">\n\t\t\t<div class=\"elementor-widget-wrap elementor-element-populated\">\n\t\t\t\t\t\t<div class=\"elementor-element elementor-element-4c91453 elementor-widget elementor-widget-esmee_core_section_title\" data-id=\"4c91453\" data-element_type=\"widget\" data-widget_type=\"esmee_core_section_title.default\">\n\t\t\t\t<div class=\"elementor-widget-container\">\n\t\t\t\t\t<div class=\"qodef-shortcode qodef-m  qodef-section-title qodef-alignment--left\">\n\t\t<h6 class=\"qodef-m-subtitle\" >Pitajte nas bilo \u0161ta<\/h6>\n\t\t<h3 class=\"qodef-m-title\" >\n\t\t\t\t\t\u010cesto postavljana pitanja\t\t\t<\/h3>\n\t<\/div>\n\t\t\t\t<\/div>\n\t\t\t\t<\/div>\n\t\t\t\t<div class=\"elementor-element elementor-element-1a353f1 elementor-widget elementor-widget-text-editor\" data-id=\"1a353f1\" data-element_type=\"widget\" data-widget_type=\"text-editor.default\">\n\t\t\t\t<div class=\"elementor-widget-container\">\n\t\t\t\t\t\t\t\t\t<p>Trudimo se da va\u0161a online kupovina bude \u0161to jednostavnija. Ako vam je potrebna dodatna pomo\u0107, slobodno nam po\u0161aljite email u bilo kojem trenutku na\u00a0<strong>info@pennaatelier.com<\/strong> i bi\u0107emo sre\u0107ni da pomognemo!<\/p>\t\t\t\t\t\t\t\t<\/div>\n\t\t\t\t<\/div>\n\t\t\t\t\t<\/div>\n\t\t<\/div>\n\t\t\t\t<div class=\"elementor-column elementor-col-50 elementor-top-column elementor-element elementor-element-619baf4\" data-id=\"619baf4\" data-element_type=\"column\">\n\t\t\t<div class=\"elementor-widget-wrap elementor-element-populated\">\n\t\t\t\t\t\t<div class=\"elementor-element elementor-element-61f6ddf elementor-widget elementor-widget-esmee_core_accordion\" data-id=\"61f6ddf\" data-element_type=\"widget\" data-widget_type=\"esmee_core_accordion.default\">\n\t\t\t\t<div class=\"elementor-widget-container\">\n\t\t\t\t\t<div class=\"qodef-shortcode qodef-m  qodef-accordion clear qodef-behavior--accordion qodef-layout--simple qodef-accordion--dark\">\n\t<h4 class=\"qodef-accordion-title\">\n\t<span class=\"qodef-tab-title\">Kako da izvr\u0161im kupovinu?<\/span>\n\t<span class=\"qodef-accordion-mark\">\n\t\t<span class=\"qodef-icon--plus\">+<\/span>\n\t\t<span class=\"qodef-icon--minus\">-<\/span>\n\t<\/span>\n<\/h4>\n<div class=\"qodef-accordion-content\">\n\t<div class=\"qodef-accordion-content-inner\">\n\t\t<div>Trenutno prihvatamo uplate samo putem PayPal-a, ali mo\u017eete platiti svojim kreditnim\/debitnim karticama \u010dak i ako nemate PayPal!<\/div><div>Visa ili MasterCard debitne i kreditne kartice u<b>\u00a0EUR\u00a0<\/b>bi\u0107e prihva\u0107ene za pla\u0107anje.<\/div><div>a. Kliknite na stavku da biste videli sve dostupne detalje.<br \/>b. Izaberite detalje (ako ih ima) i kliknite na \u2018Dodaj u korpu\u2019. Ova akcija \u0107e vas odvesti do pregleda va\u0161e korpe za kupovinu, u kojoj mo\u017eete izabrati da nastavite sa pretra\u017eivanjem ili da izvr\u0161ite uplatu za odabrane komade. Ponovite korake (1) i (2) ako \u017eelite da dodate vi\u0161e stavki u svoju korpu za kupovinu.<br \/>c. Kliknite na \u2018Dalje\u2019 kada zavr\u0161ite svoju narud\u017ebinu.\u00a0<em>Potvrdite svoju adresu za dostavu i molimo vas da ne zaboravite da uklju\u010dite svoj broj telefona kako bismo mogli da ga stavimo na obave\u0161tenje o dostavi, u slu\u010daju da niste kod ku\u0107e. Na ovaj na\u010din, gospodin Po\u0161tar \u0107e mo\u0107i da vas kontaktira.<\/em><br \/>d. Platite putem PayPal-a, gotovi ste!<\/div>\t<\/div>\n<\/div>\n<h4 class=\"qodef-accordion-title\">\n\t<span class=\"qodef-tab-title\">Veli\u010dina: Kako funkcioni\u0161e veli\u010dina na va\u0161em sajtu?<\/span>\n\t<span class=\"qodef-accordion-mark\">\n\t\t<span class=\"qodef-icon--plus\">+<\/span>\n\t\t<span class=\"qodef-icon--minus\">-<\/span>\n\t<\/span>\n<\/h4>\n<div class=\"qodef-accordion-content\">\n\t<div class=\"qodef-accordion-content-inner\">\n\t\t<p>Sajt radi sa EU veli\u010dinama. Najbolji scenario je da unesete svoje mere kako bismo vam mogli dostaviti najprikladniju veli\u010dinu odela za vas. U svakoj informaciji o proizvodu imate vodi\u010d za veli\u010dine kako biste mogli proveriti i odrediti svoju EU veli\u010dinu na osnovu va\u0161e te\u017eine i visine.<\/p>\t<\/div>\n<\/div>\n<h4 class=\"qodef-accordion-title\">\n\t<span class=\"qodef-tab-title\">Koliko ko\u0161ta dostava u moju zemlju?<\/span>\n\t<span class=\"qodef-accordion-mark\">\n\t\t<span class=\"qodef-icon--plus\">+<\/span>\n\t\t<span class=\"qodef-icon--minus\">-<\/span>\n\t<\/span>\n<\/h4>\n<div class=\"qodef-accordion-content\">\n\t<div class=\"qodef-accordion-content-inner\">\n\t\t<p>Dostava je<strong> fiksna cena<\/strong>\u00a0\u0161irom sveta, cene stavki uklju\u010duju tro\u0161kove dostave, nema dodatnih tro\u0161kova kada platite.<\/p><p>\u041c\u043e\u043b\u0438\u043c \u0432\u0430\u0441, \u043f\u0440\u043e\u0432\u0435\u0440\u0438\u0442\u0435:<strong><a title=\"\u0438\u043d\u0444\u043e\u0440\u043c\u0430\u0446\u0438\u0458\u0435 \u043e \u0438\u0441\u043f\u043e\u0440\u0443\u0446\u0438\" href=\"https:\/\/pennaatelier.com\/sr\/delivery-info\/\" target=\"_blank\" rel=\"noopener noreferrer\">\u00a0\u0438\u043d\u0444\u043e\u0440\u043c\u0430\u0446\u0438\u0458\u0435 \u043e \u0438\u0441\u043f\u043e\u0440\u0443\u0446\u0438.<\/a><\/strong><\/p>\t<\/div>\n<\/div>\n<h4 class=\"qodef-accordion-title\">\n\t<span class=\"qodef-tab-title\">\u041d\u0430\u0440\u0430\u0434\u0438\u043e \u0441\u0430\u043c, \u043a\u0430\u0434\u0430 \u045b\u0435 \u043c\u043e\u0458\u0430 \u043d\u0430\u0440\u0443\u045f\u0431\u0438\u043d\u0430 \u0431\u0438\u0442\u0438 \u0438\u0441\u043f\u043e\u0440\u0443\u0447\u0435\u043d\u0430?<\/span>\n\t<span class=\"qodef-accordion-mark\">\n\t\t<span class=\"qodef-icon--plus\">+<\/span>\n\t\t<span class=\"qodef-icon--minus\">-<\/span>\n\t<\/span>\n<\/h4>\n<div class=\"qodef-accordion-content\">\n\t<div class=\"qodef-accordion-content-inner\">\n\t\t<p>\u0417\u0430 \u0441\u0432\u0430\u043a\u0443 \u043d\u0430\u0440\u0443\u045f\u0431\u0438\u043d\u0443, \u043f\u0440\u0435\u0434\u043c\u0435\u0442\u0438 \u045b\u0435 \u043e\u0431\u0438\u0447\u043d\u043e \u0431\u0438\u0442\u0438 \u0438\u0441\u043f\u043e\u0440\u0443\u0447\u0435\u043d\u0438 \u0443 \u0440\u043e\u043a\u0443 \u043e\u0434 \u0447\u0435\u0442\u0438\u0440\u0438 \u2013 \u0448\u0435\u0441\u0442 \u0440\u0430\u0434\u043d\u0438\u0445 \u0434\u0430\u043d\u0430. \u041e\u0431\u0438\u0447\u043d\u043e \u0442\u0440\u0430\u0458\u0435 \u043a\u0440\u0430\u045b\u0435, \u0430\u043b\u0438 \u0441\u0430\u043c\u043e \u0436\u0435\u043b\u0438\u043c\u043e \u0434\u0430 \u0431\u0443\u0434\u0435\u043c\u043e \u0441\u0438\u0433\u0443\u0440\u043d\u0438. \u0422\u0430\u043a\u043e\u0452\u0435, \u0438\u043c\u0430\u0439\u0442\u0435 \u043d\u0430 \u0443\u043c\u0443 \u0434\u0430 \u043f\u043e\u043d\u0435\u043a\u0430\u0434 \u0442\u043e\u043a\u043e\u043c \u043f\u043e\u0440\u0430\u0441\u0442\u0430 \u0438\u043b\u0438 \u043d\u0430\u0433\u043b\u0438\u0445 \u0441\u043a\u043e\u043a\u043e\u0432\u0430 \u0443 \u043e\u0431\u0438\u043c\u0443 \u043d\u0430\u0440\u0443\u045f\u0431\u0438\u043d\u0430, \u0432\u0440\u0435\u043c\u0435 \u043e\u0431\u0440\u0430\u0434\u0435 \u043c\u043e\u0436\u0435 \u0431\u0438\u0442\u0438 \u043e\u0434\u043b\u043e\u0436\u0435\u043d\u043e \u0437\u0430 \u0434\u043e\u0434\u0430\u0442\u043d\u0438\u0445 2-3 \u0440\u0430\u0434\u043d\u0430 \u0434\u0430\u043d\u0430. \u0414\u0430 \u0431\u0443\u0434\u0435 \u0458\u0435\u0434\u043d\u043e\u0441\u0442\u0430\u0432\u043d\u043e, \u0441\u043c\u0430\u0442\u0440\u0430\u0458\u0442\u0435 \u0432\u0440\u0435\u043c\u0435 \u043e\u0431\u0440\u0430\u0434\u0435 \u0432\u0430\u0448\u0435 \u043d\u0430\u0440\u0443\u045f\u0431\u0438\u043d\u0435 \u043a\u0430\u043e \u043e\u043a\u043e 1 \u043d\u0435\u0434\u0435\u0459\u0435, \u0438 \u043d\u0435\u045b\u0435\u0442\u0435 \u0431\u0438\u0442\u0438 \u0440\u0430\u0437\u043e\u0447\u0430\u0440\u0430\u043d\u0438.<\/p>\t<\/div>\n<\/div>\n<h4 class=\"qodef-accordion-title\">\n\t<span class=\"qodef-tab-title\">\u041d\u0430\u0440\u0430\u0434\u0438\u043e \u0441\u0430\u043c, \u043a\u0430\u043a\u043e \u0434\u0430 \u0458\u0435 \u043f\u0440\u0430\u0442\u0438\u043c?<\/span>\n\t<span class=\"qodef-accordion-mark\">\n\t\t<span class=\"qodef-icon--plus\">+<\/span>\n\t\t<span class=\"qodef-icon--minus\">-<\/span>\n\t<\/span>\n<\/h4>\n<div class=\"qodef-accordion-content\">\n\t<div class=\"qodef-accordion-content-inner\">\n\t\t<p>\u0421\u0432\u0435 \u0438\u0441\u043f\u043e\u0440\u0443\u0447\u0435\u043d\u0435 \u043d\u0430\u0440\u0443\u045f\u0431\u0438\u043d\u0435 \u043c\u043e\u0433\u0443 \u0441\u0435 \u043f\u0440\u0430\u0442\u0438\u0442\u0438 \u043d\u0430:<\/p><p><strong><a class=\"text-link\" href=\"http:\/\/17track.net\/\">17track.net<\/a><\/strong><\/p><p>\u0441\u0430 \u0431\u0440\u043e\u0458\u0435\u043c \u0437\u0430 \u043f\u0440\u0430\u045b\u0435\u045a\u0435 \u043a\u043e\u0458\u0438 \u0458\u0435 \u0434\u0430\u0442 \u043a\u0430\u0434\u0430 \u0458\u0435 \u0432\u0430\u0448 \u043f\u0440\u0435\u0434\u043c\u0435\u0442 \u043f\u043e\u0441\u043b\u0430\u0442. \u0410\u043a\u043e \u0432\u0430\u043c \u0458\u0435 \u0442\u0435\u043a \u043f\u043e\u0441\u043b\u0430\u0442 \u0431\u0440\u043e\u0458, \u043c\u043e\u043b\u0438\u043c\u043e \u0432\u0430\u0441 \u0434\u0430 \u0434\u043e\u0437\u0432\u043e\u043b\u0438\u0442\u0435 \u0434\u043e 3-5 \u0440\u0430\u0434\u043d\u0438\u0445 \u0434\u0430\u043d\u0430 \u0434\u0430 \u043f\u043e\u0448\u0442\u0430\u043d\u0441\u043a\u0438 \u0441\u0438\u0441\u0442\u0435\u043c \u043e\u0434\u0440\u0430\u0437\u0438 \u0441\u0442\u0430\u0442\u0443\u0441. \u0420\u0430\u0437\u0443\u043c\u0438\u0442\u0435 \u0434\u0430, \u043f\u043e\u0448\u0442\u043e \u043d\u0430\u0448 \u043f\u043e\u0440\u0442 \u043f\u043e\u043b\u0430\u0441\u043a\u0430 \u0438\u043c\u0430 \u043a\u043e\u043d\u0441\u0442\u0430\u043d\u0442\u043d\u043e \u0432\u0438\u0441\u043e\u043a\u0435 \u043e\u0431\u0438\u043c\u0435 \u0441\u0430\u043e\u0431\u0440\u0430\u045b\u0430\u0458\u0430 \u0443 \u0441\u043c\u0438\u0441\u043b\u0443 \u043e\u0434\u043b\u0430\u0437\u0435\u045b\u0438\u0445 \u043f\u0430\u043a\u0435\u0442\u0430, \u043f\u043e\u043d\u0435\u043a\u0430\u0434 \u043c\u043e\u0436\u0435 \u0434\u043e\u045b\u0438 \u0434\u043e \u043a\u0430\u0448\u045a\u0435\u045a\u0430 \u0443 \u0430\u0436\u0443\u0440\u0438\u0440\u0430\u045a\u0443 \u0432\u0430\u0448\u0435\u0433 \u0431\u0440\u043e\u0458\u0430 \u0437\u0430 \u043f\u0440\u0430\u045b\u0435\u045a\u0435 \u0443 \u0441\u0438\u0441\u0442\u0435\u043c\u0443. \u041c\u0435\u0452\u0443\u0442\u0438\u043c, \u0431\u0443\u0434\u0438\u0442\u0435 \u0441\u0438\u0433\u0443\u0440\u043d\u0438 \u0434\u0430, \u043a\u0430\u0434\u0430 \u0432\u0430\u043c \u0431\u0443\u0434\u0435 \u0434\u043e\u0434\u0435\u0459\u0435\u043d \u0431\u0440\u043e\u0458 \u0437\u0430 \u043f\u0440\u0430\u045b\u0435\u045a\u0435, \u0442\u043e \u0437\u043d\u0430\u0447\u0438 \u0434\u0430 \u0458\u0435 \u043d\u0430\u0448 \u043f\u0440\u0435\u0432\u043e\u0437\u043d\u0438\u043a \u0432\u0435\u045b \u043f\u0440\u0435\u0443\u0437\u0435\u043e \u043f\u0430\u043a\u0435\u0442 \u0438 \u043f\u0440\u0438\u043f\u0440\u0435\u043c\u0438\u043e \u0433\u0430 \u0437\u0430 \u0438\u0441\u043f\u043e\u0440\u0443\u043a\u0443.<\/p>\t<\/div>\n<\/div>\n<h4 class=\"qodef-accordion-title\">\n\t<span class=\"qodef-tab-title\">\u041f\u0440\u0435\u0434\u043c\u0435\u0442 \u043d\u0435 \u043e\u0434\u0433\u043e\u0432\u0430\u0440\u0430, \u0434\u0430 \u043b\u0438 \u043f\u0440\u0438\u0445\u0432\u0430\u0442\u0430\u0442\u0435 \u043f\u043e\u0432\u0440\u0430\u0442\u043a\u0435?<\/span>\n\t<span class=\"qodef-accordion-mark\">\n\t\t<span class=\"qodef-icon--plus\">+<\/span>\n\t\t<span class=\"qodef-icon--minus\">-<\/span>\n\t<\/span>\n<\/h4>\n<div class=\"qodef-accordion-content\">\n\t<div class=\"qodef-accordion-content-inner\">\n\t\t<p>\u041d\u0435 \u043f\u0440\u0438\u0445\u0432\u0430\u0442\u0430\u043c\u043e \u043f\u043e\u0432\u0440\u0430\u0442\u043a\u0435, \u043f\u043e\u0441\u0435\u0431\u043d\u043e \u0430\u043a\u043e \u0458\u0435 \u043d\u0430\u043f\u0440\u0430\u0432\u0459\u0435\u043d \u043f\u043e \u0432\u0430\u0448\u0438\u043c \u043c\u0435\u0440\u0430\u043c\u0430. \u041c\u043e\u0436\u0435\u0442\u0435 \u043f\u0440\u043e\u0432\u0435\u0440\u0438\u0442\u0438 \u0442\u0430\u0431\u0435\u043b\u0443 \u0432\u0435\u043b\u0438\u0447\u0438\u043d\u0430 \u0458\u0435\u0440 \u0441\u0443 \u0445\u0430\u0459\u0438\u043d\u0435 \u043e\u0433\u0440\u0430\u043d\u0438\u0447\u0435\u043d\u0435.<\/p>\t<\/div>\n<\/div>\n<\/div>\n\t\t\t\t<\/div>\n\t\t\t\t<\/div>\n\t\t\t\t\t<\/div>\n\t\t<\/div>\n\t\t\t\t\t<\/div>\n\t\t<\/section>\n\t\t\t\t<\/div>","protected":false},"excerpt":{"rendered":"<p>Ask us anything Frequently Asked Questions We strive to make your online shopping experience as easy as possible. If you need further assistance, feel free to email us anytime at&nbsp;info@pennaatelier.com and we\u2019d be happy to help! How do I make a purchase? + &#8211; We currently accept payments only via PayPal but you can pay [&hellip;]<\/p>","protected":false},"author":1,"featured_media":0,"parent":0,"menu_order":0,"comment_status":"closed","ping_status":"closed","template":"page-full-width.php","meta":{"footnotes":""},"class_list":["post-3121","page","type-page","status-publish","hentry"],"aioseo_notices":[],"_links":{"self":[{"href":"https:\/\/pennaatelier.com\/sr\/wp-json\/wp\/v2\/pages\/3121","targetHints":{"allow":["GET"]}}],"collection":[{"href":"https:\/\/pennaatelier.com\/sr\/wp-json\/wp\/v2\/pages"}],"about":[{"href":"https:\/\/pennaatelier.com\/sr\/wp-json\/wp\/v2\/types\/page"}],"author":[{"embeddable":true,"href":"https:\/\/pennaatelier.com\/sr\/wp-json\/wp\/v2\/users\/1"}],"replies":[{"embeddable":true,"href":"https:\/\/pennaatelier.com\/sr\/wp-json\/wp\/v2\/comments?post=3121"}],"version-history":[{"count":0,"href":"https:\/\/pennaatelier.com\/sr\/wp-json\/wp\/v2\/pages\/3121\/revisions"}],"wp:attachment":[{"href":"https:\/\/pennaatelier.com\/sr\/wp-json\/wp\/v2\/media?parent=3121"}],"curies":[{"name":"wp","href":"https:\/\/api.w.org\/{rel}","templated":true}]}}