{"id":20532,"date":"2023-08-21T20:45:55","date_gmt":"2023-08-21T20:45:55","guid":{"rendered":"https:\/\/pennaatelier.com\/?post_type=product&#038;p=20532"},"modified":"2026-01-31T13:53:59","modified_gmt":"2026-01-31T13:53:59","slug":"nila-ii-dress","status":"publish","type":"product","link":"https:\/\/pennaatelier.com\/sr\/shop\/dresses\/crystal-dresses\/nila-ii-dress\/","title":{"rendered":"Nila II Haljina"},"content":{"rendered":"","protected":false},"excerpt":{"rendered":"<p>Proizvod: Midi haljina napravljena od staklenih kristala u boji materijala. Izrez mo\u017ee biti zatvoren prema va\u0161im zahtevima. Boja: zelena, ljubi\u010dasta, crna, be\u017e, zlatna. Druge boje na zahtev.<\/p>","protected":false},"featured_media":21740,"template":"","meta":[],"product_brand":[],"product_cat":[49,17,301],"product_tag":[],"class_list":{"0":"post-20532","1":"product","2":"type-product","3":"status-publish","4":"has-post-thumbnail","6":"product_cat-crystal-dresses","7":"product_cat-dresses","8":"product_cat-midi-dresses","9":"pa_color-black","10":"pa_color-gold","11":"pa_color-green","12":"pa_color-purple","13":"pa_color-beige","14":"pa_dress-size-xs","15":"pa_dress-size-s","16":"pa_dress-size-m","17":"pa_dress-size-l","18":"pa_dress-size-xl","19":"wcpa_has_options","21":"first","22":"instock","23":"shipping-taxable","24":"purchasable","25":"product-type-variable"},"aioseo_notices":[],"_links":{"self":[{"href":"https:\/\/pennaatelier.com\/sr\/wp-json\/wp\/v2\/product\/20532","targetHints":{"allow":["GET"]}}],"collection":[{"href":"https:\/\/pennaatelier.com\/sr\/wp-json\/wp\/v2\/product"}],"about":[{"href":"https:\/\/pennaatelier.com\/sr\/wp-json\/wp\/v2\/types\/product"}],"wp:featuredmedia":[{"embeddable":true,"href":"https:\/\/pennaatelier.com\/sr\/wp-json\/wp\/v2\/media\/21740"}],"wp:attachment":[{"href":"https:\/\/pennaatelier.com\/sr\/wp-json\/wp\/v2\/media?parent=20532"}],"wp:term":[{"taxonomy":"product_brand","embeddable":true,"href":"https:\/\/pennaatelier.com\/sr\/wp-json\/wp\/v2\/product_brand?post=20532"},{"taxonomy":"product_cat","embeddable":true,"href":"https:\/\/pennaatelier.com\/sr\/wp-json\/wp\/v2\/product_cat?post=20532"},{"taxonomy":"product_tag","embeddable":true,"href":"https:\/\/pennaatelier.com\/sr\/wp-json\/wp\/v2\/product_tag?post=20532"}],"curies":[{"name":"wp","href":"https:\/\/api.w.org\/{rel}","templated":true}]}}