{"id":20603,"date":"2023-07-23T15:25:46","date_gmt":"2023-07-23T15:25:46","guid":{"rendered":"https:\/\/pennaatelier.com\/?post_type=product&#038;p=20603"},"modified":"2026-01-31T13:53:27","modified_gmt":"2026-01-31T13:53:27","slug":"sardone","status":"publish","type":"product","link":"https:\/\/pennaatelier.com\/sr\/shop\/clothes\/suits\/sardone\/","title":{"rendered":"\u0421\u0430\u0440\u0434\u043e\u043d\u0435"},"content":{"rendered":"","protected":false},"excerpt":{"rendered":"<p>Proizvod: Prsluk od platna sa otvorenim le\u0111ima ukra\u0161en luksuznim zlatnim dugmadi i visokim \u0161ortsevima.<\/p>\n<p>Napomena: Mo\u017eete birati izme\u0111u zlatnih i srebrnih dugmadi.<\/p>\n<p>&nbsp;<\/p>","protected":false},"featured_media":20624,"template":"","meta":[],"product_brand":[],"product_cat":[18,37],"product_tag":[],"class_list":{"0":"post-20603","1":"product","2":"type-product","3":"status-publish","4":"has-post-thumbnail","6":"product_cat-clothes","7":"product_cat-suits","8":"pa_color-baby-blue","9":"pa_color-brown","10":"pa_color-white","11":"pa_color-beige","12":"pa_dress-size-xs","13":"pa_dress-size-s","14":"pa_dress-size-m","15":"pa_dress-size-l","16":"pa_dress-size-xl","17":"wcpa_has_options","19":"first","20":"instock","21":"shipping-taxable","22":"purchasable","23":"product-type-variable"},"aioseo_notices":[],"_links":{"self":[{"href":"https:\/\/pennaatelier.com\/sr\/wp-json\/wp\/v2\/product\/20603","targetHints":{"allow":["GET"]}}],"collection":[{"href":"https:\/\/pennaatelier.com\/sr\/wp-json\/wp\/v2\/product"}],"about":[{"href":"https:\/\/pennaatelier.com\/sr\/wp-json\/wp\/v2\/types\/product"}],"wp:featuredmedia":[{"embeddable":true,"href":"https:\/\/pennaatelier.com\/sr\/wp-json\/wp\/v2\/media\/20624"}],"wp:attachment":[{"href":"https:\/\/pennaatelier.com\/sr\/wp-json\/wp\/v2\/media?parent=20603"}],"wp:term":[{"taxonomy":"product_brand","embeddable":true,"href":"https:\/\/pennaatelier.com\/sr\/wp-json\/wp\/v2\/product_brand?post=20603"},{"taxonomy":"product_cat","embeddable":true,"href":"https:\/\/pennaatelier.com\/sr\/wp-json\/wp\/v2\/product_cat?post=20603"},{"taxonomy":"product_tag","embeddable":true,"href":"https:\/\/pennaatelier.com\/sr\/wp-json\/wp\/v2\/product_tag?post=20603"}],"curies":[{"name":"wp","href":"https:\/\/api.w.org\/{rel}","templated":true}]}}