{"id":20974,"date":"2023-07-23T17:55:23","date_gmt":"2023-07-23T17:55:23","guid":{"rendered":"https:\/\/pennaatelier.com\/?post_type=product&#038;p=20974"},"modified":"2026-01-31T13:53:39","modified_gmt":"2026-01-31T13:53:39","slug":"kari","status":"publish","type":"product","link":"https:\/\/pennaatelier.com\/sr\/shop\/clothes\/suits\/kari\/","title":{"rendered":"\u041a\u0430\u0440\u0438"},"content":{"rendered":"","protected":false},"excerpt":{"rendered":"<p>Proizvod: Set od tri dela napravljen od italijanske tkanine, koji se sastoji od podesivog korzeta, korzeta visokog struka ukra\u0161enog ma\u0161nom od zlatnih dugmadi i pla\u0161ta.<\/p>\n<p>Napomena: Mo\u017eete birati izme\u0111u zlatnih i srebrnih dugmadi.<\/p>","protected":false},"featured_media":20977,"template":"","meta":[],"product_brand":[],"product_cat":[166,18,37],"product_tag":[],"class_list":{"0":"post-20974","1":"product","2":"type-product","3":"status-publish","4":"has-post-thumbnail","6":"product_cat-blazers","7":"product_cat-clothes","8":"product_cat-suits","9":"pa_color-baby-pink","10":"pa_color-black","11":"pa_color-brown","12":"pa_color-dark-blue","13":"pa_color-grey","14":"pa_color-milk-white","15":"pa_color-olive-green","16":"pa_color-white","17":"pa_color-royal-blue","18":"pa_dress-size-xs","19":"pa_dress-size-s","20":"pa_dress-size-m","21":"pa_dress-size-l","22":"pa_dress-size-xl","23":"wcpa_has_options","25":"first","26":"instock","27":"shipping-taxable","28":"purchasable","29":"product-type-variable"},"aioseo_notices":[],"_links":{"self":[{"href":"https:\/\/pennaatelier.com\/sr\/wp-json\/wp\/v2\/product\/20974","targetHints":{"allow":["GET"]}}],"collection":[{"href":"https:\/\/pennaatelier.com\/sr\/wp-json\/wp\/v2\/product"}],"about":[{"href":"https:\/\/pennaatelier.com\/sr\/wp-json\/wp\/v2\/types\/product"}],"wp:featuredmedia":[{"embeddable":true,"href":"https:\/\/pennaatelier.com\/sr\/wp-json\/wp\/v2\/media\/20977"}],"wp:attachment":[{"href":"https:\/\/pennaatelier.com\/sr\/wp-json\/wp\/v2\/media?parent=20974"}],"wp:term":[{"taxonomy":"product_brand","embeddable":true,"href":"https:\/\/pennaatelier.com\/sr\/wp-json\/wp\/v2\/product_brand?post=20974"},{"taxonomy":"product_cat","embeddable":true,"href":"https:\/\/pennaatelier.com\/sr\/wp-json\/wp\/v2\/product_cat?post=20974"},{"taxonomy":"product_tag","embeddable":true,"href":"https:\/\/pennaatelier.com\/sr\/wp-json\/wp\/v2\/product_tag?post=20974"}],"curies":[{"name":"wp","href":"https:\/\/api.w.org\/{rel}","templated":true}]}}