{"id":21437,"date":"2023-07-23T22:35:22","date_gmt":"2023-07-23T22:35:22","guid":{"rendered":"https:\/\/pennaatelier.com\/?post_type=product&#038;p=21437"},"modified":"2026-01-31T13:53:53","modified_gmt":"2026-01-31T13:53:53","slug":"vinny","status":"publish","type":"product","link":"https:\/\/pennaatelier.com\/sr\/shop\/clothes\/suits\/vinny\/","title":{"rendered":"\u0412\u0438\u043d\u0438"},"content":{"rendered":"","protected":false},"excerpt":{"rendered":"<p>Proizvod: Odelo napravljeno od italijanske tkanine, sa umetnutim kragnom i \u0161irokim preokrenutim man\u017eetnama na sakou, ukra\u0161eno luksuznim kristalnim dugmadi.<\/p>\n<p>Napomena: Mo\u017eete birati izme\u0111u kristalnih dugmadi u zlatnoj i srebrnoj boji.<\/p>","protected":false},"featured_media":21483,"template":"","meta":[],"product_brand":[],"product_cat":[166,18,38,37],"product_tag":[],"class_list":{"0":"post-21437","1":"product","2":"type-product","3":"status-publish","4":"has-post-thumbnail","6":"product_cat-blazers","7":"product_cat-clothes","8":"product_cat-pantsuits","9":"product_cat-suits","10":"pa_color-baby-pink","11":"pa_color-black","12":"pa_color-brown","13":"pa_color-dark-blue","14":"pa_color-grey","15":"pa_color-milk-white","16":"pa_color-olive-green","17":"pa_color-white","18":"pa_color-royal-blue","19":"pa_dress-size-xs","20":"pa_dress-size-s","21":"pa_dress-size-m","22":"pa_dress-size-l","23":"pa_dress-size-xl","24":"wcpa_has_options","26":"first","27":"instock","28":"shipping-taxable","29":"purchasable","30":"product-type-variable"},"aioseo_notices":[],"_links":{"self":[{"href":"https:\/\/pennaatelier.com\/sr\/wp-json\/wp\/v2\/product\/21437","targetHints":{"allow":["GET"]}}],"collection":[{"href":"https:\/\/pennaatelier.com\/sr\/wp-json\/wp\/v2\/product"}],"about":[{"href":"https:\/\/pennaatelier.com\/sr\/wp-json\/wp\/v2\/types\/product"}],"wp:featuredmedia":[{"embeddable":true,"href":"https:\/\/pennaatelier.com\/sr\/wp-json\/wp\/v2\/media\/21483"}],"wp:attachment":[{"href":"https:\/\/pennaatelier.com\/sr\/wp-json\/wp\/v2\/media?parent=21437"}],"wp:term":[{"taxonomy":"product_brand","embeddable":true,"href":"https:\/\/pennaatelier.com\/sr\/wp-json\/wp\/v2\/product_brand?post=21437"},{"taxonomy":"product_cat","embeddable":true,"href":"https:\/\/pennaatelier.com\/sr\/wp-json\/wp\/v2\/product_cat?post=21437"},{"taxonomy":"product_tag","embeddable":true,"href":"https:\/\/pennaatelier.com\/sr\/wp-json\/wp\/v2\/product_tag?post=21437"}],"curies":[{"name":"wp","href":"https:\/\/api.w.org\/{rel}","templated":true}]}}