{"id":21535,"date":"2023-07-23T22:52:51","date_gmt":"2023-07-23T22:52:51","guid":{"rendered":"https:\/\/pennaatelier.com\/?post_type=product&#038;p=21535"},"modified":"2026-01-31T13:53:56","modified_gmt":"2026-01-31T13:53:56","slug":"milky-set","status":"publish","type":"product","link":"https:\/\/pennaatelier.com\/sr\/shop\/clothes\/suits\/milky-set\/","title":{"rendered":"\u041c\u043b\u0435\u043a\u043e \u0441\u0435\u0442"},"content":{"rendered":"","protected":false},"excerpt":{"rendered":"<p>Proizvod: Set kratkih rukava od italijanske tkanine sa poluotvorenim le\u0111ima, ukra\u0161en luksuznim zlatnim dugmadi na prednjoj i zadnjoj strani, i \u0161ortsevi visokog struka.<\/p>\n<p>Napomena: Mo\u017eete birati izme\u0111u zlatnih i srebrnih dugmadi.<\/p>","protected":false},"featured_media":21581,"template":"","meta":[],"product_brand":[],"product_cat":[166,18,37],"product_tag":[],"class_list":{"0":"post-21535","1":"product","2":"type-product","3":"status-publish","4":"has-post-thumbnail","6":"product_cat-blazers","7":"product_cat-clothes","8":"product_cat-suits","9":"pa_color-baby-pink","10":"pa_color-black","11":"pa_color-brown","12":"pa_color-dark-blue","13":"pa_color-grey","14":"pa_color-milk-white","15":"pa_color-olive-green","16":"pa_color-white","17":"pa_color-royal-blue","18":"pa_dress-size-xs","19":"pa_dress-size-s","20":"pa_dress-size-m","21":"pa_dress-size-l","22":"pa_dress-size-xl","23":"wcpa_has_options","25":"first","26":"instock","27":"shipping-taxable","28":"purchasable","29":"product-type-variable"},"aioseo_notices":[],"_links":{"self":[{"href":"https:\/\/pennaatelier.com\/sr\/wp-json\/wp\/v2\/product\/21535","targetHints":{"allow":["GET"]}}],"collection":[{"href":"https:\/\/pennaatelier.com\/sr\/wp-json\/wp\/v2\/product"}],"about":[{"href":"https:\/\/pennaatelier.com\/sr\/wp-json\/wp\/v2\/types\/product"}],"wp:featuredmedia":[{"embeddable":true,"href":"https:\/\/pennaatelier.com\/sr\/wp-json\/wp\/v2\/media\/21581"}],"wp:attachment":[{"href":"https:\/\/pennaatelier.com\/sr\/wp-json\/wp\/v2\/media?parent=21535"}],"wp:term":[{"taxonomy":"product_brand","embeddable":true,"href":"https:\/\/pennaatelier.com\/sr\/wp-json\/wp\/v2\/product_brand?post=21535"},{"taxonomy":"product_cat","embeddable":true,"href":"https:\/\/pennaatelier.com\/sr\/wp-json\/wp\/v2\/product_cat?post=21535"},{"taxonomy":"product_tag","embeddable":true,"href":"https:\/\/pennaatelier.com\/sr\/wp-json\/wp\/v2\/product_tag?post=21535"}],"curies":[{"name":"wp","href":"https:\/\/api.w.org\/{rel}","templated":true}]}}