{"id":21870,"date":"2023-09-20T15:35:44","date_gmt":"2023-09-20T15:35:44","guid":{"rendered":"https:\/\/pennaatelier.com\/?post_type=product&#038;p=21870"},"modified":"2026-01-31T13:54:01","modified_gmt":"2026-01-31T13:54:01","slug":"one","status":"publish","type":"product","link":"https:\/\/pennaatelier.com\/sr\/shop\/dresses\/crystal-dresses\/one\/","title":{"rendered":"Jedan"},"content":{"rendered":"","protected":false},"excerpt":{"rendered":"<p>Proizvod: Haljina sa \u010dipkastim korzetom, sa perlama, podesiva, sa ru\u010dno \u0161ivenim kristalima i biserima<\/p>\n<p>Boje: Na zahtev<\/p>","protected":false},"featured_media":21846,"template":"","meta":[],"product_brand":[],"product_cat":[302,49,17],"product_tag":[],"class_list":{"0":"post-21870","1":"product","2":"type-product","3":"status-publish","4":"has-post-thumbnail","6":"product_cat-corset-dresses","7":"product_cat-crystal-dresses","8":"product_cat-dresses","9":"pa_dress-size-xs","10":"pa_dress-size-s","11":"pa_dress-size-m","12":"pa_dress-size-l","13":"pa_dress-size-xl","14":"wcpa_has_options","16":"first","17":"instock","18":"shipping-taxable","19":"purchasable","20":"product-type-variable"},"aioseo_notices":[],"_links":{"self":[{"href":"https:\/\/pennaatelier.com\/sr\/wp-json\/wp\/v2\/product\/21870","targetHints":{"allow":["GET"]}}],"collection":[{"href":"https:\/\/pennaatelier.com\/sr\/wp-json\/wp\/v2\/product"}],"about":[{"href":"https:\/\/pennaatelier.com\/sr\/wp-json\/wp\/v2\/types\/product"}],"wp:featuredmedia":[{"embeddable":true,"href":"https:\/\/pennaatelier.com\/sr\/wp-json\/wp\/v2\/media\/21846"}],"wp:attachment":[{"href":"https:\/\/pennaatelier.com\/sr\/wp-json\/wp\/v2\/media?parent=21870"}],"wp:term":[{"taxonomy":"product_brand","embeddable":true,"href":"https:\/\/pennaatelier.com\/sr\/wp-json\/wp\/v2\/product_brand?post=21870"},{"taxonomy":"product_cat","embeddable":true,"href":"https:\/\/pennaatelier.com\/sr\/wp-json\/wp\/v2\/product_cat?post=21870"},{"taxonomy":"product_tag","embeddable":true,"href":"https:\/\/pennaatelier.com\/sr\/wp-json\/wp\/v2\/product_tag?post=21870"}],"curies":[{"name":"wp","href":"https:\/\/api.w.org\/{rel}","templated":true}]}}