{"id":22272,"date":"2024-03-21T16:12:05","date_gmt":"2024-03-21T16:12:05","guid":{"rendered":"https:\/\/pennaatelier.com\/?post_type=product&#038;p=22272"},"modified":"2026-01-31T13:54:08","modified_gmt":"2026-01-31T13:54:08","slug":"supreme-shorts","status":"publish","type":"product","link":"https:\/\/pennaatelier.com\/sr\/shop\/clothes\/pantsuits\/supreme-shorts\/","title":{"rendered":"SUPREME \u0160ORTS"},"content":{"rendered":"","protected":false},"excerpt":{"rendered":"<p>Proizvod: Pravi ko\u017eni \u0161orts<\/p>\n<p>Boja: Bela<\/p>\n<p>Druge boje: Na zahtev<\/p>","protected":false},"featured_media":22273,"template":"","meta":[],"product_brand":[],"product_cat":[18,38],"product_tag":[],"class_list":{"0":"post-22272","1":"product","2":"type-product","3":"status-publish","4":"has-post-thumbnail","6":"product_cat-clothes","7":"product_cat-pantsuits","8":"pa_dress-size-xs","9":"pa_dress-size-s","10":"pa_dress-size-m","11":"pa_dress-size-l","12":"pa_dress-size-xl","13":"wcpa_has_options","15":"first","16":"instock","17":"shipping-taxable","18":"purchasable","19":"product-type-variable"},"aioseo_notices":[],"_links":{"self":[{"href":"https:\/\/pennaatelier.com\/sr\/wp-json\/wp\/v2\/product\/22272","targetHints":{"allow":["GET"]}}],"collection":[{"href":"https:\/\/pennaatelier.com\/sr\/wp-json\/wp\/v2\/product"}],"about":[{"href":"https:\/\/pennaatelier.com\/sr\/wp-json\/wp\/v2\/types\/product"}],"wp:featuredmedia":[{"embeddable":true,"href":"https:\/\/pennaatelier.com\/sr\/wp-json\/wp\/v2\/media\/22273"}],"wp:attachment":[{"href":"https:\/\/pennaatelier.com\/sr\/wp-json\/wp\/v2\/media?parent=22272"}],"wp:term":[{"taxonomy":"product_brand","embeddable":true,"href":"https:\/\/pennaatelier.com\/sr\/wp-json\/wp\/v2\/product_brand?post=22272"},{"taxonomy":"product_cat","embeddable":true,"href":"https:\/\/pennaatelier.com\/sr\/wp-json\/wp\/v2\/product_cat?post=22272"},{"taxonomy":"product_tag","embeddable":true,"href":"https:\/\/pennaatelier.com\/sr\/wp-json\/wp\/v2\/product_tag?post=22272"}],"curies":[{"name":"wp","href":"https:\/\/api.w.org\/{rel}","templated":true}]}}