{"id":22384,"date":"2024-04-18T14:42:06","date_gmt":"2024-04-18T14:42:06","guid":{"rendered":"https:\/\/pennaatelier.com\/?post_type=product&#038;p=22384"},"modified":"2026-01-31T13:54:09","modified_gmt":"2026-01-31T13:54:09","slug":"ponch","status":"publish","type":"product","link":"https:\/\/pennaatelier.com\/sr\/shop\/clothes\/suits\/ponch\/","title":{"rendered":"\u041f\u041e\u041d\u0427"},"content":{"rendered":"","protected":false},"excerpt":{"rendered":"<p>Proizvod: odelo od 3 dela, pantalone visokog struka, kratka jakna i \u0161irok pojas. Moderni kroj sa rajsfer\u0161lusima. Vuna i ka\u0161mir. Detalji mogu biti srebrni ili zlatni.<\/p>\n<p>Boja: Crna<\/p>\n<p>Druge boje: Na zahtev<\/p>","protected":false},"featured_media":22390,"template":"","meta":[],"product_brand":[],"product_cat":[18,37],"product_tag":[],"class_list":{"0":"post-22384","1":"product","2":"type-product","3":"status-publish","4":"has-post-thumbnail","6":"product_cat-clothes","7":"product_cat-suits","8":"pa_dress-size-xs","9":"pa_dress-size-s","10":"pa_dress-size-m","11":"pa_dress-size-l","12":"pa_dress-size-xl","13":"wcpa_has_options","15":"first","16":"instock","17":"shipping-taxable","18":"purchasable","19":"product-type-variable"},"aioseo_notices":[],"_links":{"self":[{"href":"https:\/\/pennaatelier.com\/sr\/wp-json\/wp\/v2\/product\/22384","targetHints":{"allow":["GET"]}}],"collection":[{"href":"https:\/\/pennaatelier.com\/sr\/wp-json\/wp\/v2\/product"}],"about":[{"href":"https:\/\/pennaatelier.com\/sr\/wp-json\/wp\/v2\/types\/product"}],"wp:featuredmedia":[{"embeddable":true,"href":"https:\/\/pennaatelier.com\/sr\/wp-json\/wp\/v2\/media\/22390"}],"wp:attachment":[{"href":"https:\/\/pennaatelier.com\/sr\/wp-json\/wp\/v2\/media?parent=22384"}],"wp:term":[{"taxonomy":"product_brand","embeddable":true,"href":"https:\/\/pennaatelier.com\/sr\/wp-json\/wp\/v2\/product_brand?post=22384"},{"taxonomy":"product_cat","embeddable":true,"href":"https:\/\/pennaatelier.com\/sr\/wp-json\/wp\/v2\/product_cat?post=22384"},{"taxonomy":"product_tag","embeddable":true,"href":"https:\/\/pennaatelier.com\/sr\/wp-json\/wp\/v2\/product_tag?post=22384"}],"curies":[{"name":"wp","href":"https:\/\/api.w.org\/{rel}","templated":true}]}}