{"id":22603,"date":"2025-03-21T11:21:27","date_gmt":"2025-03-21T11:21:27","guid":{"rendered":"https:\/\/pennaatelier.com\/?post_type=product&#038;p=22603"},"modified":"2026-01-31T13:54:11","modified_gmt":"2026-01-31T13:54:11","slug":"giulio","status":"publish","type":"product","link":"https:\/\/pennaatelier.com\/sr\/shop\/dresses\/maxi-dresses\/giulio\/","title":{"rendered":"GIULIO"},"content":{"rendered":"<p>Izjava o vanvremenskoj eleganciji i privla\u010dnosti. Ova \u010dipkana haljina dugih rukava ima hrabar prednji prorez i sofisticirani izrez na izrezu vrata, savr\u0161eno balansiraju\u0107i gracioznost i hrabrost. Dostupna u klasi\u010dnoj crnoj ili beloj boji, mo\u017ee se napraviti u standardnim veli\u010dinama ili prilagoditi po meri za besprekornu prilagodbu.<\/p>","protected":false},"excerpt":{"rendered":"<p>Proizvod: Elegantna \u010dipkana haljina sa prorezom i izrezom<\/p>\n<p>Boja: Crna \/ Bela<\/p>","protected":false},"featured_media":22609,"template":"","meta":[],"product_brand":[],"product_cat":[17,23,16],"product_tag":[],"class_list":{"0":"post-22603","1":"product","2":"type-product","3":"status-publish","4":"has-post-thumbnail","6":"product_cat-dresses","7":"product_cat-maxi-dresses","8":"product_cat-new-in","9":"pa_dress-size-xs","10":"pa_dress-size-s","11":"pa_dress-size-m","12":"pa_dress-size-l","13":"pa_dress-size-xl","14":"wcpa_has_options","16":"first","17":"instock","18":"shipping-taxable","19":"purchasable","20":"product-type-variable"},"aioseo_notices":[],"_links":{"self":[{"href":"https:\/\/pennaatelier.com\/sr\/wp-json\/wp\/v2\/product\/22603","targetHints":{"allow":["GET"]}}],"collection":[{"href":"https:\/\/pennaatelier.com\/sr\/wp-json\/wp\/v2\/product"}],"about":[{"href":"https:\/\/pennaatelier.com\/sr\/wp-json\/wp\/v2\/types\/product"}],"wp:featuredmedia":[{"embeddable":true,"href":"https:\/\/pennaatelier.com\/sr\/wp-json\/wp\/v2\/media\/22609"}],"wp:attachment":[{"href":"https:\/\/pennaatelier.com\/sr\/wp-json\/wp\/v2\/media?parent=22603"}],"wp:term":[{"taxonomy":"product_brand","embeddable":true,"href":"https:\/\/pennaatelier.com\/sr\/wp-json\/wp\/v2\/product_brand?post=22603"},{"taxonomy":"product_cat","embeddable":true,"href":"https:\/\/pennaatelier.com\/sr\/wp-json\/wp\/v2\/product_cat?post=22603"},{"taxonomy":"product_tag","embeddable":true,"href":"https:\/\/pennaatelier.com\/sr\/wp-json\/wp\/v2\/product_tag?post=22603"}],"curies":[{"name":"wp","href":"https:\/\/api.w.org\/{rel}","templated":true}]}}