{"id":22611,"date":"2025-03-21T11:49:01","date_gmt":"2025-03-21T11:49:01","guid":{"rendered":"https:\/\/pennaatelier.com\/?post_type=product&#038;p=22611"},"modified":"2026-01-31T13:54:11","modified_gmt":"2026-01-31T13:54:11","slug":"sofy","status":"publish","type":"product","link":"https:\/\/pennaatelier.com\/sr\/shop\/dresses\/maxi-dresses\/sofy\/","title":{"rendered":"SOFY"},"content":{"rendered":"<p>Ova elegantna i hrabra haljina je napravljena od prozirnog materijala koji nagla\u0161ava figuru i isijava sofisticiranost. Dizajn sadr\u017ei duge rukave, upe\u010datljive drapirane detalje i strate\u0161ki postavljene panele koji stvaraju savr\u0161enu ravnote\u017eu izme\u0111u privla\u010dnosti i elegancije. Lagani, lepr\u0161avi materijal se kre\u0107e graciozno sa telom, \u010dine\u0107i ovu haljinu idealnim izborom za posebne prilike.<\/p>\n<p>Dostupno u svim bojama i mo\u017ee se napraviti po meri ili u standardnim veli\u010dinama.<\/p>","protected":false},"excerpt":{"rendered":"<p>Proizvod: Prozirna Maxi Haljina sa Dramati\u010dnim Detaljima<\/p>\n<p>Boja: Na zahtev<\/p>","protected":false},"featured_media":22612,"template":"","meta":[],"product_brand":[],"product_cat":[17,23,16],"product_tag":[],"class_list":{"0":"post-22611","1":"product","2":"type-product","3":"status-publish","4":"has-post-thumbnail","6":"product_cat-dresses","7":"product_cat-maxi-dresses","8":"product_cat-new-in","9":"pa_dress-size-xs","10":"pa_dress-size-s","11":"pa_dress-size-m","12":"pa_dress-size-l","13":"pa_dress-size-xl","14":"wcpa_has_options","16":"first","17":"instock","18":"shipping-taxable","19":"purchasable","20":"product-type-variable"},"aioseo_notices":[],"_links":{"self":[{"href":"https:\/\/pennaatelier.com\/sr\/wp-json\/wp\/v2\/product\/22611","targetHints":{"allow":["GET"]}}],"collection":[{"href":"https:\/\/pennaatelier.com\/sr\/wp-json\/wp\/v2\/product"}],"about":[{"href":"https:\/\/pennaatelier.com\/sr\/wp-json\/wp\/v2\/types\/product"}],"wp:featuredmedia":[{"embeddable":true,"href":"https:\/\/pennaatelier.com\/sr\/wp-json\/wp\/v2\/media\/22612"}],"wp:attachment":[{"href":"https:\/\/pennaatelier.com\/sr\/wp-json\/wp\/v2\/media?parent=22611"}],"wp:term":[{"taxonomy":"product_brand","embeddable":true,"href":"https:\/\/pennaatelier.com\/sr\/wp-json\/wp\/v2\/product_brand?post=22611"},{"taxonomy":"product_cat","embeddable":true,"href":"https:\/\/pennaatelier.com\/sr\/wp-json\/wp\/v2\/product_cat?post=22611"},{"taxonomy":"product_tag","embeddable":true,"href":"https:\/\/pennaatelier.com\/sr\/wp-json\/wp\/v2\/product_tag?post=22611"}],"curies":[{"name":"wp","href":"https:\/\/api.w.org\/{rel}","templated":true}]}}