{"id":22635,"date":"2025-03-24T19:06:11","date_gmt":"2025-03-24T19:06:11","guid":{"rendered":"https:\/\/pennaatelier.com\/?post_type=product&#038;p=22635"},"modified":"2026-01-31T13:54:11","modified_gmt":"2026-01-31T13:54:11","slug":"marin-skirt","status":"publish","type":"product","link":"https:\/\/pennaatelier.com\/sr\/shop\/clothes\/blousesskirts\/marin-skirt\/","title":{"rendered":"MARIN SUKNJA"},"content":{"rendered":"<p>Vanvremenska kombinacija elegancije i o\u0161trine. Dostupna u raznim bojama i prilagodljivim veli\u010dinama, savr\u0161en je izbor za hrabar, a opet sofisticiran izgled.<\/p>","protected":false},"excerpt":{"rendered":"<p>Proizvod: Pantalone suknja<\/p>\n<p>Boja: Na zahtev<\/p>","protected":false},"featured_media":22596,"template":"","meta":[],"product_brand":[],"product_cat":[36,18,16],"product_tag":[],"class_list":{"0":"post-22635","1":"product","2":"type-product","3":"status-publish","4":"has-post-thumbnail","6":"product_cat-blousesskirts","7":"product_cat-clothes","8":"product_cat-new-in","9":"pa_dress-size-xs","10":"pa_dress-size-s","11":"pa_dress-size-m","12":"pa_dress-size-l","13":"pa_dress-size-xl","14":"wcpa_has_options","16":"first","17":"instock","18":"shipping-taxable","19":"purchasable","20":"product-type-variable"},"aioseo_notices":[],"_links":{"self":[{"href":"https:\/\/pennaatelier.com\/sr\/wp-json\/wp\/v2\/product\/22635","targetHints":{"allow":["GET"]}}],"collection":[{"href":"https:\/\/pennaatelier.com\/sr\/wp-json\/wp\/v2\/product"}],"about":[{"href":"https:\/\/pennaatelier.com\/sr\/wp-json\/wp\/v2\/types\/product"}],"wp:featuredmedia":[{"embeddable":true,"href":"https:\/\/pennaatelier.com\/sr\/wp-json\/wp\/v2\/media\/22596"}],"wp:attachment":[{"href":"https:\/\/pennaatelier.com\/sr\/wp-json\/wp\/v2\/media?parent=22635"}],"wp:term":[{"taxonomy":"product_brand","embeddable":true,"href":"https:\/\/pennaatelier.com\/sr\/wp-json\/wp\/v2\/product_brand?post=22635"},{"taxonomy":"product_cat","embeddable":true,"href":"https:\/\/pennaatelier.com\/sr\/wp-json\/wp\/v2\/product_cat?post=22635"},{"taxonomy":"product_tag","embeddable":true,"href":"https:\/\/pennaatelier.com\/sr\/wp-json\/wp\/v2\/product_tag?post=22635"}],"curies":[{"name":"wp","href":"https:\/\/api.w.org\/{rel}","templated":true}]}}