{"id":22641,"date":"2025-03-24T19:12:06","date_gmt":"2025-03-24T19:12:06","guid":{"rendered":"https:\/\/pennaatelier.com\/?post_type=product&#038;p=22641"},"modified":"2026-01-31T13:54:12","modified_gmt":"2026-01-31T13:54:12","slug":"marin-set","status":"publish","type":"product","link":"https:\/\/pennaatelier.com\/sr\/shop\/clothes\/blousesskirts\/marin-set\/","title":{"rendered":"MARIN KOMPLET"},"content":{"rendered":"<p>Vanvremenska kombinacija elegancije i o\u0161trine. Ovaj set sadr\u017ei skra\u0107enu ko\u017enu jaknu sa strukturiranim krojem i elegantnu ko\u017enu suknju olovku koja pada tik ispod kolena. Dostupno u raznim bojama i prilagodljivim veli\u010dinama, to je savr\u0161en izbor za hrabar, a opet sofisticiran izgled.<\/p>","protected":false},"excerpt":{"rendered":"<p>Proizvod: Skra\u0107ena ko\u017ena jakna i suknja olovka set<\/p>\n<p>Boja: Na zahtev<\/p>","protected":false},"featured_media":22642,"template":"","meta":[],"product_brand":[],"product_cat":[36,18,124,16],"product_tag":[],"class_list":{"0":"post-22641","1":"product","2":"type-product","3":"status-publish","4":"has-post-thumbnail","6":"product_cat-blousesskirts","7":"product_cat-clothes","8":"product_cat-coatsandjackets","9":"product_cat-new-in","10":"pa_dress-size-xs","11":"pa_dress-size-s","12":"pa_dress-size-m","13":"pa_dress-size-l","14":"pa_dress-size-xl","15":"wcpa_has_options","17":"first","18":"instock","19":"shipping-taxable","20":"purchasable","21":"product-type-variable"},"aioseo_notices":[],"_links":{"self":[{"href":"https:\/\/pennaatelier.com\/sr\/wp-json\/wp\/v2\/product\/22641","targetHints":{"allow":["GET"]}}],"collection":[{"href":"https:\/\/pennaatelier.com\/sr\/wp-json\/wp\/v2\/product"}],"about":[{"href":"https:\/\/pennaatelier.com\/sr\/wp-json\/wp\/v2\/types\/product"}],"wp:featuredmedia":[{"embeddable":true,"href":"https:\/\/pennaatelier.com\/sr\/wp-json\/wp\/v2\/media\/22642"}],"wp:attachment":[{"href":"https:\/\/pennaatelier.com\/sr\/wp-json\/wp\/v2\/media?parent=22641"}],"wp:term":[{"taxonomy":"product_brand","embeddable":true,"href":"https:\/\/pennaatelier.com\/sr\/wp-json\/wp\/v2\/product_brand?post=22641"},{"taxonomy":"product_cat","embeddable":true,"href":"https:\/\/pennaatelier.com\/sr\/wp-json\/wp\/v2\/product_cat?post=22641"},{"taxonomy":"product_tag","embeddable":true,"href":"https:\/\/pennaatelier.com\/sr\/wp-json\/wp\/v2\/product_tag?post=22641"}],"curies":[{"name":"wp","href":"https:\/\/api.w.org\/{rel}","templated":true}]}}