{"id":22667,"date":"2025-03-26T19:16:53","date_gmt":"2025-03-26T19:16:53","guid":{"rendered":"https:\/\/pennaatelier.com\/?post_type=product&#038;p=22667"},"modified":"2026-01-31T13:54:12","modified_gmt":"2026-01-31T13:54:12","slug":"bizu-suit","status":"publish","type":"product","link":"https:\/\/pennaatelier.com\/sr\/shop\/clothes\/suits\/bizu-suit\/","title":{"rendered":"BIZU odelo"},"content":{"rendered":"<p>Ovaj elegantni crni odelo isijava sofisticiranost i moderni dizajn. Ima skra\u0107eni blejzer sa asimetri\u010dnim dugmadi i upe\u010datljivo ise\u010denim rukavima, poja\u010danim luksuznim pernatim man\u017eetnama koje dodaju da\u0161ak glamura. Prilago\u0111eni kroj nagla\u0161ava siluetu, dok visoki struk i \u0161iroke pantalone produ\u017eavaju figuru za elegantan i rafiniran izgled. Ova kombinacija je savr\u0161ena za ve\u010dernje doga\u0111aje, modne prijeme ili poslovne prilike gde je ostavljanje sna\u017enog i nezaboravnog utiska klju\u010dno.<\/p>","protected":false},"excerpt":{"rendered":"<p>This elegant black suit exudes sophistication and modern design. It features a cropped blazer with asymmetrical buttoning and strikingly cut-out sleeves, enhanced by luxurious feathered cuffs that add a touch of glamour. The tailored fit accentuates the silhouette, while the high-waisted, wide-leg trousers elongate the figure for a sleek and refined look. This ensemble is [&hellip;]<\/p>","protected":false},"featured_media":22673,"template":"","meta":[],"product_brand":[],"product_cat":[18,16,37],"product_tag":[],"class_list":{"0":"post-22667","1":"product","2":"type-product","3":"status-publish","4":"has-post-thumbnail","6":"product_cat-clothes","7":"product_cat-new-in","8":"product_cat-suits","9":"pa_dress-size-xs","10":"pa_dress-size-s","11":"pa_dress-size-m","12":"pa_dress-size-l","13":"pa_dress-size-xl","14":"wcpa_has_options","16":"first","17":"instock","18":"shipping-taxable","19":"purchasable","20":"product-type-variable"},"aioseo_notices":[],"_links":{"self":[{"href":"https:\/\/pennaatelier.com\/sr\/wp-json\/wp\/v2\/product\/22667","targetHints":{"allow":["GET"]}}],"collection":[{"href":"https:\/\/pennaatelier.com\/sr\/wp-json\/wp\/v2\/product"}],"about":[{"href":"https:\/\/pennaatelier.com\/sr\/wp-json\/wp\/v2\/types\/product"}],"wp:featuredmedia":[{"embeddable":true,"href":"https:\/\/pennaatelier.com\/sr\/wp-json\/wp\/v2\/media\/22673"}],"wp:attachment":[{"href":"https:\/\/pennaatelier.com\/sr\/wp-json\/wp\/v2\/media?parent=22667"}],"wp:term":[{"taxonomy":"product_brand","embeddable":true,"href":"https:\/\/pennaatelier.com\/sr\/wp-json\/wp\/v2\/product_brand?post=22667"},{"taxonomy":"product_cat","embeddable":true,"href":"https:\/\/pennaatelier.com\/sr\/wp-json\/wp\/v2\/product_cat?post=22667"},{"taxonomy":"product_tag","embeddable":true,"href":"https:\/\/pennaatelier.com\/sr\/wp-json\/wp\/v2\/product_tag?post=22667"}],"curies":[{"name":"wp","href":"https:\/\/api.w.org\/{rel}","templated":true}]}}