{"id":22674,"date":"2025-03-26T19:23:18","date_gmt":"2025-03-26T19:23:18","guid":{"rendered":"https:\/\/pennaatelier.com\/?post_type=product&#038;p=22674"},"modified":"2026-01-31T13:54:12","modified_gmt":"2026-01-31T13:54:12","slug":"zolin","status":"publish","type":"product","link":"https:\/\/pennaatelier.com\/sr\/shop\/dresses\/midi-dresses\/zolin\/","title":{"rendered":"ZOLIN"},"content":{"rendered":"<p>Elegantna i sofisticirana, ova midi haljina izra\u0111ena od vrhunskog italijanskog \u010dipkastog materijala isijava luksuz i \u017eenstvenost. Delikatna crna \u010dipka suptilno otkriva siluetu sa naznakom prozirnosti, dok dugi rukavi i visoki la\u017eni ovratnik dodaju da\u0161ak rafinirane elegancije. Istaknuta karakteristika ovog dizajna je senzualno otvoren le\u0111a, koja posti\u017ee savr\u0161enu ravnote\u017eu izme\u0111u privla\u010dnosti i sofisticiranosti. Dizajnirana za \u017eene sa besprekornim stilom, ova haljina je idealan izbor za gala doga\u0111aje, koktel zabave i posebne prilike kada \u017eelite ostaviti trajan utisak.<\/p>","protected":false},"excerpt":{"rendered":"<p>Elegant and sophisticated, this midi dress crafted from premium Italian lace exudes luxury and femininity. The delicate black lace subtly reveals the silhouette with a hint of transparency, while the long sleeves and high mock neck add a touch of refined elegance. The standout feature of this design is the sensually open back, striking the [&hellip;]<\/p>","protected":false},"featured_media":22680,"template":"","meta":[],"product_brand":[],"product_cat":[17,301,16],"product_tag":[],"class_list":{"0":"post-22674","1":"product","2":"type-product","3":"status-publish","4":"has-post-thumbnail","6":"product_cat-dresses","7":"product_cat-midi-dresses","8":"product_cat-new-in","9":"pa_dress-size-xs","10":"pa_dress-size-s","11":"pa_dress-size-m","12":"pa_dress-size-l","13":"pa_dress-size-xl","14":"wcpa_has_options","16":"first","17":"instock","18":"shipping-taxable","19":"purchasable","20":"product-type-variable"},"aioseo_notices":[],"_links":{"self":[{"href":"https:\/\/pennaatelier.com\/sr\/wp-json\/wp\/v2\/product\/22674","targetHints":{"allow":["GET"]}}],"collection":[{"href":"https:\/\/pennaatelier.com\/sr\/wp-json\/wp\/v2\/product"}],"about":[{"href":"https:\/\/pennaatelier.com\/sr\/wp-json\/wp\/v2\/types\/product"}],"wp:featuredmedia":[{"embeddable":true,"href":"https:\/\/pennaatelier.com\/sr\/wp-json\/wp\/v2\/media\/22680"}],"wp:attachment":[{"href":"https:\/\/pennaatelier.com\/sr\/wp-json\/wp\/v2\/media?parent=22674"}],"wp:term":[{"taxonomy":"product_brand","embeddable":true,"href":"https:\/\/pennaatelier.com\/sr\/wp-json\/wp\/v2\/product_brand?post=22674"},{"taxonomy":"product_cat","embeddable":true,"href":"https:\/\/pennaatelier.com\/sr\/wp-json\/wp\/v2\/product_cat?post=22674"},{"taxonomy":"product_tag","embeddable":true,"href":"https:\/\/pennaatelier.com\/sr\/wp-json\/wp\/v2\/product_tag?post=22674"}],"curies":[{"name":"wp","href":"https:\/\/api.w.org\/{rel}","templated":true}]}}