{"id":22710,"date":"2025-03-27T22:19:32","date_gmt":"2025-03-27T22:19:32","guid":{"rendered":"https:\/\/pennaatelier.com\/?post_type=product&#038;p=22710"},"modified":"2026-04-16T16:23:01","modified_gmt":"2026-04-16T16:23:01","slug":"zaque","status":"publish","type":"product","link":"https:\/\/pennaatelier.com\/sr\/shop\/dresses\/maxi-dresses\/zaque\/","title":{"rendered":"ZAQUE"},"content":{"rendered":"<p>Ova zapanjuju\u0107a asimetri\u010dna maksi haljina odi\u0161e sofisticirano\u0161\u0107u i smelo\u0161\u0107u. Dizajnirana sa jednim dugim rukavom i upe\u010datljivim prorezima koji nagla\u0161avaju siluetu, savr\u0161eno spaja senzualnost i luksuznu estetiku. Visoki prorez na suknji dodaje dramati\u010dan detalj, dok nabori i cvetni ukras na struku unose dodatnu dozu elegancije.<\/p>\n<p>Izra\u0111ena od pamuka sa likrom, haljina pru\u017ea mekan, rastegljiv i udoban kroj, idealan za razli\u010dite prilike \u2013 od glamuroznih ve\u010deri do posebnih doga\u0111aja.<\/p>\n<p>Dostupna u svim bojama, omogu\u0107avaju\u0107i vam da izaberete savr\u0161eni ton koji odgovara va\u0161em stilu.<\/p>\n<p>Savr\u0161en izbor za \u017eene koje \u017eele da se ose\u0107aju samouvereno, \u017eenstveno i bez napora \u0161ik.<\/p>","protected":false},"excerpt":{"rendered":"<p>Elegantna asimetri\u010dna maksi haljina sa jednim rukavom, prorezima i cvetnim detaljem na struku, izra\u0111ena od udobnog pamuka sa likrom.<\/p>","protected":false},"featured_media":22716,"template":"","meta":[],"product_brand":[],"product_cat":[17,23,16],"product_tag":[],"class_list":{"0":"post-22710","1":"product","2":"type-product","3":"status-publish","4":"has-post-thumbnail","6":"product_cat-dresses","7":"product_cat-maxi-dresses","8":"product_cat-new-in","9":"pa_dress-size-xs","10":"pa_dress-size-s","11":"pa_dress-size-m","12":"pa_dress-size-l","13":"pa_dress-size-xl","14":"wcpa_has_options","16":"first","17":"instock","18":"shipping-taxable","19":"purchasable","20":"product-type-variable"},"aioseo_notices":[],"_links":{"self":[{"href":"https:\/\/pennaatelier.com\/sr\/wp-json\/wp\/v2\/product\/22710","targetHints":{"allow":["GET"]}}],"collection":[{"href":"https:\/\/pennaatelier.com\/sr\/wp-json\/wp\/v2\/product"}],"about":[{"href":"https:\/\/pennaatelier.com\/sr\/wp-json\/wp\/v2\/types\/product"}],"wp:featuredmedia":[{"embeddable":true,"href":"https:\/\/pennaatelier.com\/sr\/wp-json\/wp\/v2\/media\/22716"}],"wp:attachment":[{"href":"https:\/\/pennaatelier.com\/sr\/wp-json\/wp\/v2\/media?parent=22710"}],"wp:term":[{"taxonomy":"product_brand","embeddable":true,"href":"https:\/\/pennaatelier.com\/sr\/wp-json\/wp\/v2\/product_brand?post=22710"},{"taxonomy":"product_cat","embeddable":true,"href":"https:\/\/pennaatelier.com\/sr\/wp-json\/wp\/v2\/product_cat?post=22710"},{"taxonomy":"product_tag","embeddable":true,"href":"https:\/\/pennaatelier.com\/sr\/wp-json\/wp\/v2\/product_tag?post=22710"}],"curies":[{"name":"wp","href":"https:\/\/api.w.org\/{rel}","templated":true}]}}