{"id":22727,"date":"2025-03-30T10:58:44","date_gmt":"2025-03-30T10:58:44","guid":{"rendered":"https:\/\/pennaatelier.com\/?post_type=product&#038;p=22727"},"modified":"2026-04-16T16:12:17","modified_gmt":"2026-04-16T16:12:17","slug":"flower-dress","status":"publish","type":"product","link":"https:\/\/pennaatelier.com\/sr\/shop\/dresses\/corset-dresses\/flower-dress\/","title":{"rendered":"HALJINA SA CVE\u0106EM"},"content":{"rendered":"<p>FLOWER DRESS je sofisticirana haljina sa pa\u017eljivo krojenim korzetom koji isti\u010de \u017eensku siluetu i ne\u017enim, lepr\u0161avim donjim delom koji stvara elegantan i profinjen izgled. Idealna je za sve posebne prilike, od ve\u010dernjih doga\u0111aja do glamuroznih sve\u010danosti. Izra\u0111ena od visokokvalitetnih materijala, pru\u017ea udobnost i savr\u0161enu podr\u0161ku tokom celog dana ili no\u0107i, kombinuju\u0107i stil i funkcionalnost u jednom modnom komadu.<\/p>","protected":false},"excerpt":{"rendered":"<p>Elegantna haljina sa korzetom i cvetnim dezenom, savr\u0161ena za posebne prilike.<\/p>","protected":false},"featured_media":22733,"template":"","meta":[],"product_brand":[],"product_cat":[302,17,16],"product_tag":[],"class_list":{"0":"post-22727","1":"product","2":"type-product","3":"status-publish","4":"has-post-thumbnail","6":"product_cat-corset-dresses","7":"product_cat-dresses","8":"product_cat-new-in","9":"pa_dress-size-xs","10":"pa_dress-size-s","11":"pa_dress-size-m","12":"pa_dress-size-l","13":"pa_dress-size-xl","14":"wcpa_has_options","16":"first","17":"instock","18":"shipping-taxable","19":"purchasable","20":"product-type-variable"},"aioseo_notices":[],"_links":{"self":[{"href":"https:\/\/pennaatelier.com\/sr\/wp-json\/wp\/v2\/product\/22727","targetHints":{"allow":["GET"]}}],"collection":[{"href":"https:\/\/pennaatelier.com\/sr\/wp-json\/wp\/v2\/product"}],"about":[{"href":"https:\/\/pennaatelier.com\/sr\/wp-json\/wp\/v2\/types\/product"}],"wp:featuredmedia":[{"embeddable":true,"href":"https:\/\/pennaatelier.com\/sr\/wp-json\/wp\/v2\/media\/22733"}],"wp:attachment":[{"href":"https:\/\/pennaatelier.com\/sr\/wp-json\/wp\/v2\/media?parent=22727"}],"wp:term":[{"taxonomy":"product_brand","embeddable":true,"href":"https:\/\/pennaatelier.com\/sr\/wp-json\/wp\/v2\/product_brand?post=22727"},{"taxonomy":"product_cat","embeddable":true,"href":"https:\/\/pennaatelier.com\/sr\/wp-json\/wp\/v2\/product_cat?post=22727"},{"taxonomy":"product_tag","embeddable":true,"href":"https:\/\/pennaatelier.com\/sr\/wp-json\/wp\/v2\/product_tag?post=22727"}],"curies":[{"name":"wp","href":"https:\/\/api.w.org\/{rel}","templated":true}]}}