{"id":22735,"date":"2025-03-30T11:05:06","date_gmt":"2025-03-30T11:05:06","guid":{"rendered":"https:\/\/pennaatelier.com\/?post_type=product&#038;p=22735"},"modified":"2026-04-16T15:57:16","modified_gmt":"2026-04-16T15:57:16","slug":"la-notte-dorata","status":"publish","type":"product","link":"https:\/\/pennaatelier.com\/sr\/shop\/dresses\/maxi-dresses\/la-notte-dorata\/","title":{"rendered":"ZLATNA NO\u0106"},"content":{"rendered":"<p>LA NOTTE DORATA je sofisticirana haljina izra\u0111ena od visokokvalitetnog italijanskog pamuka likre, dizajnirana da istakne va\u0161u siluetu. Otvorena le\u0111a ukra\u0161ena su diskretnim zlatnim detaljima koji dodaju dozu luksuza, dok smeli izrez i elegantan kroj savr\u0161eno prate liniju tela. Ova haljina je idealan izbor za formalne prilike, pru\u017eaju\u0107i vam besprekornu eleganciju i sofisticiranost.<\/p>","protected":false},"excerpt":{"rendered":"<p>Elegantna haljina od vrhunskog italijanskog pamuka likre sa otvorenim le\u0111ima i suptilnim zlatnim detaljima.<\/p>","protected":false},"featured_media":22741,"template":"","meta":[],"product_brand":[],"product_cat":[17,23,16],"product_tag":[],"class_list":{"0":"post-22735","1":"product","2":"type-product","3":"status-publish","4":"has-post-thumbnail","6":"product_cat-dresses","7":"product_cat-maxi-dresses","8":"product_cat-new-in","9":"pa_dress-size-xs","10":"pa_dress-size-s","11":"pa_dress-size-m","12":"pa_dress-size-l","13":"pa_dress-size-xl","14":"wcpa_has_options","16":"first","17":"instock","18":"shipping-taxable","19":"purchasable","20":"product-type-variable"},"aioseo_notices":[],"_links":{"self":[{"href":"https:\/\/pennaatelier.com\/sr\/wp-json\/wp\/v2\/product\/22735","targetHints":{"allow":["GET"]}}],"collection":[{"href":"https:\/\/pennaatelier.com\/sr\/wp-json\/wp\/v2\/product"}],"about":[{"href":"https:\/\/pennaatelier.com\/sr\/wp-json\/wp\/v2\/types\/product"}],"wp:featuredmedia":[{"embeddable":true,"href":"https:\/\/pennaatelier.com\/sr\/wp-json\/wp\/v2\/media\/22741"}],"wp:attachment":[{"href":"https:\/\/pennaatelier.com\/sr\/wp-json\/wp\/v2\/media?parent=22735"}],"wp:term":[{"taxonomy":"product_brand","embeddable":true,"href":"https:\/\/pennaatelier.com\/sr\/wp-json\/wp\/v2\/product_brand?post=22735"},{"taxonomy":"product_cat","embeddable":true,"href":"https:\/\/pennaatelier.com\/sr\/wp-json\/wp\/v2\/product_cat?post=22735"},{"taxonomy":"product_tag","embeddable":true,"href":"https:\/\/pennaatelier.com\/sr\/wp-json\/wp\/v2\/product_tag?post=22735"}],"curies":[{"name":"wp","href":"https:\/\/api.w.org\/{rel}","templated":true}]}}