{"id":22899,"date":"2026-01-31T15:13:43","date_gmt":"2026-01-31T15:13:43","guid":{"rendered":"https:\/\/pennaatelier.com\/?post_type=product&#038;p=22899"},"modified":"2026-01-31T15:15:23","modified_gmt":"2026-01-31T15:15:23","slug":"skulpture-dress","status":"publish","type":"product","link":"https:\/\/pennaatelier.com\/sr\/shop\/dresses\/maxi-dresses\/skulpture-dress\/","title":{"rendered":"Skulptura haljina"},"content":{"rendered":"<p>Crna, korset duga haljina od plis. Korset je pozadi na pode\u0161avanje. Haljina sa dubokim \u0161licem koji nagla\u0161ava siluetu i daje sna\u017ean, elegantan efekat.<\/p>","protected":false},"excerpt":{"rendered":"<p>Crna, korset duga haljina od plis. Korset je pozadi na pode\u0161avanje. Haljina sa dubokim \u0161licem koji nagla\u0161ava siluetu i daje sna\u017ean, elegantan efekat. Mo\u017ee biti u svim bojama. Radi se po veli\u010dini ili po meri. Po meri se dopla\u0107uje 25%<\/p>","protected":false},"featured_media":22947,"template":"","meta":[],"product_brand":[],"product_cat":[17,23],"product_tag":[],"class_list":{"0":"post-22899","1":"product","2":"type-product","3":"status-publish","4":"has-post-thumbnail","6":"product_cat-dresses","7":"product_cat-maxi-dresses","8":"pa_color-baby-pink","9":"pa_color-black","10":"pa_color-blue","11":"pa_color-brown","12":"pa_color-burgundy","13":"pa_color-dark-blue","14":"pa_color-dark-grey","15":"pa_color-peach","16":"pa_color-royal-blue","17":"pa_dress-size-xs","18":"pa_dress-size-s","19":"pa_dress-size-m","20":"pa_dress-size-l","21":"pa_dress-size-xl","23":"first","24":"instock","25":"shipping-taxable","26":"purchasable","27":"product-type-variable"},"aioseo_notices":[],"_links":{"self":[{"href":"https:\/\/pennaatelier.com\/sr\/wp-json\/wp\/v2\/product\/22899","targetHints":{"allow":["GET"]}}],"collection":[{"href":"https:\/\/pennaatelier.com\/sr\/wp-json\/wp\/v2\/product"}],"about":[{"href":"https:\/\/pennaatelier.com\/sr\/wp-json\/wp\/v2\/types\/product"}],"wp:featuredmedia":[{"embeddable":true,"href":"https:\/\/pennaatelier.com\/sr\/wp-json\/wp\/v2\/media\/22947"}],"wp:attachment":[{"href":"https:\/\/pennaatelier.com\/sr\/wp-json\/wp\/v2\/media?parent=22899"}],"wp:term":[{"taxonomy":"product_brand","embeddable":true,"href":"https:\/\/pennaatelier.com\/sr\/wp-json\/wp\/v2\/product_brand?post=22899"},{"taxonomy":"product_cat","embeddable":true,"href":"https:\/\/pennaatelier.com\/sr\/wp-json\/wp\/v2\/product_cat?post=22899"},{"taxonomy":"product_tag","embeddable":true,"href":"https:\/\/pennaatelier.com\/sr\/wp-json\/wp\/v2\/product_tag?post=22899"}],"curies":[{"name":"wp","href":"https:\/\/api.w.org\/{rel}","templated":true}]}}