{"id":22973,"date":"2026-02-05T15:35:19","date_gmt":"2026-02-05T15:35:19","guid":{"rendered":"https:\/\/pennaatelier.com\/?post_type=product&#038;p=22973"},"modified":"2026-04-16T15:20:43","modified_gmt":"2026-04-16T15:20:43","slug":"marvel-dress","status":"publish","type":"product","link":"https:\/\/pennaatelier.com\/sr\/shop\/dresses\/marvel-dress\/","title":{"rendered":"MARVEL Haljina"},"content":{"rendered":"<p>Ovaj luksuzni komplet kombinuje skulpturalni korset sa dubokim V izrezom i spu\u0161tenim ramenima, koji savr\u0161eno defini\u0161e struk i nagla\u0161ava \u017eenstvenu siluetu. Fino svetlucavi materijal daje sofisticiran sjaj, dok mini suknja sa umetni\u010dkim drapiranjem prati liniju tela i stvara efekat izdu\u017eenih nogu.<\/p>\n<p>Kreiran za \u017eene koje vole mo\u0107an izgled i besprekoran stil \u2014 idealan izbor za ve\u010dernje doga\u0111aje, glam proslave i trenutke kada \u017eeli\u0161 da bude\u0161 u centru pa\u017enje.<\/p>","protected":false},"excerpt":{"rendered":"<p>Ovaj luksuzni komplet kombinuje skulpturalni korset sa dubokim V izrezom i spu\u0161tenim ramenima, koji savr\u0161eno defini\u0161e struk i nagla\u0161ava \u017eenstvenu siluetu. Fino svetlucavi materijal daje sofisticiran sjaj, dok mini suknja sa umetni\u010dkim drapiranjem prati liniju tela i stvara efekat izdu\u017eenih nogu.<\/p>\n<p>Kreiran za \u017eene koje vole mo\u0107an izgled i besprekoran stil \u2014 idealan izbor za ve\u010dernje doga\u0111aje, glam proslave i trenutke kada \u017eeli\u0161 da bude\u0161 u centru pa\u017enje.<\/p>\n<p>Mo\u017ee biti u dosta boja. Za vi\u0161e info pi\u0161ite na 062233636<\/p>","protected":false},"featured_media":22979,"template":"","meta":[],"product_brand":[],"product_cat":[17],"product_tag":[],"class_list":{"0":"post-22973","1":"product","2":"type-product","3":"status-publish","4":"has-post-thumbnail","6":"product_cat-dresses","7":"pa_color-black","8":"pa_color-milk-white","9":"pa_color-beige","10":"pa_color-vanilla","11":"pa_dress-size-xs","12":"pa_dress-size-s","13":"pa_dress-size-m","14":"pa_dress-size-l","15":"pa_dress-size-xl","17":"first","18":"instock","19":"shipping-taxable","20":"purchasable","21":"product-type-variable"},"aioseo_notices":[],"_links":{"self":[{"href":"https:\/\/pennaatelier.com\/sr\/wp-json\/wp\/v2\/product\/22973","targetHints":{"allow":["GET"]}}],"collection":[{"href":"https:\/\/pennaatelier.com\/sr\/wp-json\/wp\/v2\/product"}],"about":[{"href":"https:\/\/pennaatelier.com\/sr\/wp-json\/wp\/v2\/types\/product"}],"wp:featuredmedia":[{"embeddable":true,"href":"https:\/\/pennaatelier.com\/sr\/wp-json\/wp\/v2\/media\/22979"}],"wp:attachment":[{"href":"https:\/\/pennaatelier.com\/sr\/wp-json\/wp\/v2\/media?parent=22973"}],"wp:term":[{"taxonomy":"product_brand","embeddable":true,"href":"https:\/\/pennaatelier.com\/sr\/wp-json\/wp\/v2\/product_brand?post=22973"},{"taxonomy":"product_cat","embeddable":true,"href":"https:\/\/pennaatelier.com\/sr\/wp-json\/wp\/v2\/product_cat?post=22973"},{"taxonomy":"product_tag","embeddable":true,"href":"https:\/\/pennaatelier.com\/sr\/wp-json\/wp\/v2\/product_tag?post=22973"}],"curies":[{"name":"wp","href":"https:\/\/api.w.org\/{rel}","templated":true}]}}