{"id":23049,"date":"2026-04-16T17:14:44","date_gmt":"2026-04-16T17:14:44","guid":{"rendered":"https:\/\/pennaatelier.com\/shop\/uncategorized\/noir-sauvage\/"},"modified":"2026-04-16T17:14:45","modified_gmt":"2026-04-16T17:14:45","slug":"noir-sauvage","status":"publish","type":"product","link":"https:\/\/pennaatelier.com\/sr\/shop\/dresses\/corset-dresses\/noir-sauvage\/","title":{"rendered":"Noir Sauvage"},"content":{"rendered":"","protected":false},"excerpt":{"rendered":"<p>Crna \u010dipka i senzualni print u savr\u0161enoj ravnote\u017ei,tiha mo\u0107 elegancije i divljine.<\/p>","protected":false},"featured_media":23012,"template":"","meta":[],"product_brand":[],"product_cat":[302],"product_tag":[],"class_list":{"0":"post-23049","1":"product","2":"type-product","3":"status-publish","4":"has-post-thumbnail","6":"product_cat-corset-dresses","7":"pa_dress-size-xs","8":"pa_dress-size-s","9":"pa_dress-size-m","10":"pa_dress-size-l","11":"pa_dress-size-xl","13":"first","14":"instock","15":"shipping-taxable","16":"purchasable","17":"product-type-variable"},"aioseo_notices":[],"_links":{"self":[{"href":"https:\/\/pennaatelier.com\/sr\/wp-json\/wp\/v2\/product\/23049","targetHints":{"allow":["GET"]}}],"collection":[{"href":"https:\/\/pennaatelier.com\/sr\/wp-json\/wp\/v2\/product"}],"about":[{"href":"https:\/\/pennaatelier.com\/sr\/wp-json\/wp\/v2\/types\/product"}],"wp:featuredmedia":[{"embeddable":true,"href":"https:\/\/pennaatelier.com\/sr\/wp-json\/wp\/v2\/media\/23012"}],"wp:attachment":[{"href":"https:\/\/pennaatelier.com\/sr\/wp-json\/wp\/v2\/media?parent=23049"}],"wp:term":[{"taxonomy":"product_brand","embeddable":true,"href":"https:\/\/pennaatelier.com\/sr\/wp-json\/wp\/v2\/product_brand?post=23049"},{"taxonomy":"product_cat","embeddable":true,"href":"https:\/\/pennaatelier.com\/sr\/wp-json\/wp\/v2\/product_cat?post=23049"},{"taxonomy":"product_tag","embeddable":true,"href":"https:\/\/pennaatelier.com\/sr\/wp-json\/wp\/v2\/product_tag?post=23049"}],"curies":[{"name":"wp","href":"https:\/\/api.w.org\/{rel}","templated":true}]}}